{"id":966,"date":"2026-02-19T09:21:28","date_gmt":"2026-02-19T16:21:28","guid":{"rendered":"https:\/\/www.amatlan.gob.mx\/?page_id=966"},"modified":"2026-02-19T11:05:18","modified_gmt":"2026-02-19T18:05:18","slug":"marco-normativo","status":"publish","type":"page","link":"https:\/\/www.amatlan.gob.mx\/?page_id=966","title":{"rendered":"Marco Normativo"},"content":{"rendered":"\n<p class=\"has-text-align-center\">El <strong>Marco Normativo Municipal <\/strong>es el conjunto de <strong>leyes<\/strong>, <strong>reglamentos<\/strong>, <strong>bandos<\/strong> y <strong>normas<\/strong> jerarquizadas que rigen la organizaci\u00f3n, funcionamiento y gesti\u00f3n p\u00fablica de un municipio. Act\u00faa como la base jur\u00eddica que define las facultades del Ayuntamiento, los Servicios P\u00fablicos y los derechos\/obligaciones de los ciudadanos, garantizando la legalidad local.\u00a0<\/p>\n\n\n\n<p class=\"has-text-align-center has-medium-font-size\"><strong>Compilaci\u00f3n Normativa para el Municipio de Amatl\u00e1n de Ca\u00f1as<\/strong><\/p>\n\n\n\n<details class=\"wp-block-details has-luminous-vivid-orange-color has-text-color has-link-color wp-elements-cf2a600d40102eb1fdf58733c6e73699 is-layout-flow wp-block-details-is-layout-flow\"><summary><strong>Legislaci\u00f3n Aplicable<\/strong><\/summary>\n<p><\/p>\n\n\n\n<figure class=\"wp-block-table is-style-stripes\"><table class=\"has-black-color has-text-color has-link-color\"><tbody><tr><td><strong>Descripci\u00f3n<\/strong><\/td><td class=\"has-text-align-center\" data-align=\"center\"><strong>Archivo<\/strong><\/td><\/tr><tr><td>Plan de Desarrollo Municipal 2024 &#8211; 2027 <\/td><td class=\"has-text-align-center\" data-align=\"center\"><a href=\"https:\/\/www.amatlan.gob.mx\/wp-content\/MarcoNormativo\/plan-municipal-de-desarrollo-Amatlan.pdf\" target=\"_blank\" rel=\"noreferrer noopener\"><img loading=\"lazy\" decoding=\"async\" width=\"25\" height=\"34\" class=\"wp-image-131\" style=\"width: 25px;\" src=\"https:\/\/www.amatlan.gob.mx\/wp-content\/uploads\/2025\/11\/pdf-e1764341117341.png\" alt=\"\"><\/a><\/td><\/tr><tr><td>Ley de Ingresos del Municipio de Amatl\u00e1n de Ca\u00f1as, Nayarit;  para el ejercicio fiscal 2026<\/td><td class=\"has-text-align-center\" data-align=\"center\"><a href=\"https:\/\/www.amatlan.gob.mx\/wp-content\/MarcoNormativo\/ley-ingresos-2026.pdf\" target=\"_blank\" rel=\"noreferrer noopener\"><img loading=\"lazy\" decoding=\"async\" width=\"25\" height=\"34\" class=\"wp-image-131\" style=\"width: 25px;\" src=\"https:\/\/www.amatlan.gob.mx\/wp-content\/uploads\/2025\/11\/pdf-e1764341117341.png\" alt=\"\"><\/a><\/td><\/tr><tr><td>Ley de Ingresos del Municipio de Amatl\u00e1n de Ca\u00f1as, Nayarit;  para el ejercicio fiscal 2025<\/td><td class=\"has-text-align-center\" data-align=\"center\"><a href=\"https:\/\/www.amatlan.gob.mx\/wp-content\/MarcoNormativo\/PROYECTO PRESUPUESTO DE EGRESOS 2025 AMATLAN.pdf\" target=\"_blank\" rel=\"noreferrer noopener\"><img loading=\"lazy\" decoding=\"async\" width=\"25\" height=\"34\" class=\"wp-image-131\" style=\"width: 25px;\" src=\"https:\/\/www.amatlan.gob.mx\/wp-content\/uploads\/2025\/11\/pdf-e1764341117341.png\" alt=\"\"><\/a><\/td><\/tr><tr><td>Ley de Ingresos del Municipio de Amatl\u00e1n de Ca\u00f1as, Nayarit;  para el ejercicio fiscal 2024<\/td><td class=\"has-text-align-center\" data-align=\"center\"><a href=\"https:\/\/www.amatlan.gob.mx\/wp-content\/MarcoNormativo\/PROYECTO PRESUPUESTO DE EGRESOS 2024 AMATLAN.pdf\" target=\"_blank\" rel=\"noreferrer noopener\"><img loading=\"lazy\" decoding=\"async\" width=\"25\" height=\"34\" class=\"wp-image-131\" style=\"width: 25px;\" src=\"https:\/\/www.amatlan.gob.mx\/wp-content\/uploads\/2025\/11\/pdf-e1764341117341.png\" alt=\"\"><\/a><\/td><\/tr><tr><td>Ley Municipal para el Estado de Nayarit<\/td><td class=\"has-text-align-center\" data-align=\"center\"><a href=\"https:\/\/www.amatlan.gob.mx\/wp-content\/MarcoNormativo\/LeyMunicipalNayarit.pdf\" target=\"_blank\" rel=\"noreferrer noopener\"><img loading=\"lazy\" decoding=\"async\" width=\"25\" height=\"34\" class=\"wp-image-131\" style=\"width: 25px;\" src=\"https:\/\/www.amatlan.gob.mx\/wp-content\/uploads\/2025\/11\/pdf-e1764341117341.png\" alt=\"\"><\/a><\/td><\/tr><tr><td>Programa Anual del Desarrollo Archiv\u00edstico (PADA) 2026 <\/td><td class=\"has-text-align-center\" data-align=\"center\"><a href=\"https:\/\/www.amatlan.gob.mx\/wp-content\/MarcoNormativo\/PDA-Amatlan-2026.pdf\" target=\"_blank\" rel=\"noreferrer noopener\"><img loading=\"lazy\" decoding=\"async\" width=\"25\" height=\"34\" class=\"wp-image-131\" style=\"width: 25px;\" src=\"https:\/\/www.amatlan.gob.mx\/wp-content\/uploads\/2025\/11\/pdf-e1764341117341.png\" alt=\"\"><\/a><\/td><\/tr><\/tbody><\/table><\/figure>\n<\/details>\n\n\n\n<details class=\"wp-block-details has-luminous-vivid-orange-color has-text-color has-link-color wp-elements-54507d2defb284cda4c80cc89cb6a45b\"><summary><strong><mark style=\"background-color:rgba(0, 0, 0, 0)\" class=\"has-inline-color has-luminous-vivid-orange-color is-layout-flow wp-block-details-is-layout-flow\">Presupuesto<\/mark><\/strong><\/summary>\n<p><\/p>\n\n\n\n<figure class=\"wp-block-table is-style-stripes\"><table class=\"has-black-color has-text-color has-link-color\"><tbody><tr><td><strong>Descripci\u00f3n<\/strong><\/td><td class=\"has-text-align-center\" data-align=\"center\"><strong>Archivo<\/strong><\/td><\/tr><tr><td>Presupuesto de Egresos para la Municipalidad de Amatl\u00e1n de Ca\u00f1as, Nayarit para el Ejercicio Fiscal 2026<\/td><td class=\"has-text-align-center\" data-align=\"center\"><a href=\"https:\/\/www.amatlan.gob.mx\/wp-content\/MarcoNormativo\/presupuesto-egresos-2026.pdf\" target=\"_blank\" rel=\"noreferrer noopener\"><img loading=\"lazy\" decoding=\"async\" width=\"25\" height=\"34\" class=\"wp-image-131\" style=\"width: 25px;\" src=\"https:\/\/www.amatlan.gob.mx\/wp-content\/uploads\/2025\/11\/pdf-e1764341117341.png\" alt=\"\"><\/a><\/td><\/tr><tr><td>Presupuesto de Egresos para la Municipalidad de Amatl\u00e1n de Ca\u00f1as, Nayarit para el Ejercicio Fiscal 2025<\/td><td class=\"has-text-align-center\" data-align=\"center\"><a href=\"https:\/\/www.amatlan.gob.mx\/wp-content\/MarcoNormativo\/PROYECTO PRESUPUESTO DE EGRESOS 2025 AMATLAN.pdf\" target=\"_blank\" rel=\"noreferrer noopener\"><img loading=\"lazy\" decoding=\"async\" width=\"25\" height=\"34\" class=\"wp-image-131\" style=\"width: 25px;\" src=\"https:\/\/www.amatlan.gob.mx\/wp-content\/uploads\/2025\/11\/pdf-e1764341117341.png\" alt=\"\"><\/a><\/td><\/tr><tr><td>Presupuesto de Egresos para la Municipalidad de Amatl\u00e1n de Ca\u00f1as, Nayarit para el Ejercicio Fiscal 2024<\/td><td class=\"has-text-align-center\" data-align=\"center\"><a href=\"https:\/\/www.amatlan.gob.mx\/wp-content\/MarcoNormativo\/PROYECTO PRESUPUESTO DE EGRESOS 2024 AMATLAN.pdf\" target=\"_blank\" rel=\"noreferrer noopener\"><img loading=\"lazy\" decoding=\"async\" width=\"25\" height=\"34\" class=\"wp-image-131\" style=\"width: 25px;\" src=\"https:\/\/www.amatlan.gob.mx\/wp-content\/uploads\/2025\/11\/pdf-e1764341117341.png\" alt=\"\"><\/a><\/td><\/tr><\/tbody><\/table><\/figure>\n<\/details>\n\n\n\n<p><\/p>\n\n\n\n<hr class=\"wp-block-separator has-alpha-channel-opacity\"\/>\n\n\n\n<p><\/p>\n\n\n\n<p><\/p>\n","protected":false},"excerpt":{"rendered":"<p>El Marco Normativo Municipal es el conjunto de leyes, reglamentos, bandos y normas jerarquizadas que rigen la organizaci\u00f3n, funcionamiento y gesti\u00f3n p\u00fablica de un municipio. Act\u00faa como la base jur\u00eddica que define las facultades del Ayuntamiento, los Servicios P\u00fablicos y los derechos\/obligaciones de los ciudadanos, garantizando la legalidad local.\u00a0 Compilaci\u00f3n Normativa para el Municipio de [&hellip;]<\/p>\n","protected":false},"author":1,"featured_media":0,"parent":0,"menu_order":0,"comment_status":"closed","ping_status":"closed","template":"","meta":{"footnotes":""},"class_list":["post-966","page","type-page","status-publish","hentry"],"_links":{"self":[{"href":"https:\/\/www.amatlan.gob.mx\/index.php?rest_route=\/wp\/v2\/pages\/966","targetHints":{"allow":["GET"]}}],"collection":[{"href":"https:\/\/www.amatlan.gob.mx\/index.php?rest_route=\/wp\/v2\/pages"}],"about":[{"href":"https:\/\/www.amatlan.gob.mx\/index.php?rest_route=\/wp\/v2\/types\/page"}],"author":[{"embeddable":true,"href":"https:\/\/www.amatlan.gob.mx\/index.php?rest_route=\/wp\/v2\/users\/1"}],"replies":[{"embeddable":true,"href":"https:\/\/www.amatlan.gob.mx\/index.php?rest_route=%2Fwp%2Fv2%2Fcomments&post=966"}],"version-history":[{"count":15,"href":"https:\/\/www.amatlan.gob.mx\/index.php?rest_route=\/wp\/v2\/pages\/966\/revisions"}],"predecessor-version":[{"id":984,"href":"https:\/\/www.amatlan.gob.mx\/index.php?rest_route=\/wp\/v2\/pages\/966\/revisions\/984"}],"wp:attachment":[{"href":"https:\/\/www.amatlan.gob.mx\/index.php?rest_route=%2Fwp%2Fv2%2Fmedia&parent=966"}],"curies":[{"name":"wp","href":"https:\/\/api.w.org\/{rel}","templated":true}]}}