{"id":702,"date":"2026-01-05T16:31:20","date_gmt":"2026-01-05T23:31:20","guid":{"rendered":"https:\/\/www.amatlan.gob.mx\/?page_id=702"},"modified":"2026-01-06T09:32:08","modified_gmt":"2026-01-06T16:32:08","slug":"direccion-de-obras-y-servicios-publicos","status":"publish","type":"page","link":"https:\/\/www.amatlan.gob.mx\/?page_id=702","title":{"rendered":"Direcci\u00f3n de Obras y Servicios P\u00fablicos"},"content":{"rendered":"\n<p class=\"has-text-align-center\">A la Direcci\u00f3n de Obras y Servicios P\u00fablicos le corresponde planear, operar, ejecutar, supervisar y coordinar el programa operativo de obra, organizar y supervisar la calidad de materiales y cumplimiento de tiempos programados en la obra; as\u00ed como planear, ejecutar y supervisar el buen funcionamiento de los servicios p\u00fablicos municipales, de igual forma le corresponde el mantenimiento y conservaci\u00f3n de parques, jardines, plazas p\u00fablicas y lugares de esparcimiento.<\/p>\n\n\n\n<p><strong>Informaci\u00f3n Relevante del \u00c1rea.<\/strong><\/p>\n\n\n\n<p><strong>Seguimiento de los Recursos Federales Transferidos<\/strong> (SRFT). <strong>Ramo 33<\/strong>.<\/p>\n\n\n\n<figure class=\"wp-block-table is-style-stripes has-small-font-size\"><table><tbody><tr><td><strong>CONTRATOS 2025<\/strong><\/td><td class=\"has-text-align-center\" data-align=\"center\"><strong>INVITACI\u00d3N<\/strong><\/td><td class=\"has-text-align-center\" data-align=\"center\"><strong>ARCHIVO<\/strong><\/td><\/tr><tr><td>CONTRATO CAMINOS Y PUENTES<br>SANTIBA\u00d1EZ S.A DE C.V<\/td><td class=\"has-text-align-center\" data-align=\"center\"><strong>MACN-F3-FAIS-IR-001\/2025<\/strong><\/td><td class=\"has-text-align-center\" data-align=\"center\"><a href=\"https:\/\/amatlan.gob.mx\/wp-content\/obrasp\/MACN-F3-FAIS-IR-001-2025.pdf\" target=\"_blank\" rel=\"noreferrer noopener\"><img loading=\"lazy\" decoding=\"async\" width=\"25\" height=\"34\" class=\"wp-image-131\" style=\"width: 25px;\" src=\"https:\/\/www.amatlan.gob.mx\/wp-content\/uploads\/2025\/11\/pdf-e1764341117341.png\" alt=\"\"><\/a><\/td><\/tr><tr><td>CONSTRUCCIONES IKIMENGARI S.A DE C.V<\/td><td class=\"has-text-align-center\" data-align=\"center\"><strong>MACN-F3-FAIS-IR-002\/2025<\/strong><\/td><td class=\"has-text-align-center\" data-align=\"center\"><a href=\"https:\/\/amatlan.gob.mx\/wp-content\/obrasp\/MACN-F3-FAIS-IR-002-2025.pdf\" target=\"_blank\" rel=\"noreferrer noopener\"><img loading=\"lazy\" decoding=\"async\" width=\"25\" height=\"34\" class=\"wp-image-131\" style=\"width: 25px;\" src=\"https:\/\/www.amatlan.gob.mx\/wp-content\/uploads\/2025\/11\/pdf-e1764341117341.png\" alt=\"\"><\/a><\/td><\/tr><tr><td>MARCO DE INGENIER\u00cdA NUEVA <br>MICHOACANAS.A DE C.V<\/td><td class=\"has-text-align-center\" data-align=\"center\"><strong>MACN-F3-FAIS-IR-003\/2025<\/strong><\/td><td class=\"has-text-align-center\" data-align=\"center\"><a href=\"https:\/\/amatlan.gob.mx\/wp-content\/obrasp\/MACN-F3-FAIS-IR-003-2025.pdf\" target=\"_blank\" rel=\"noreferrer noopener\"><img loading=\"lazy\" decoding=\"async\" width=\"25\" height=\"34\" class=\"wp-image-131\" style=\"width: 25px;\" src=\"https:\/\/www.amatlan.gob.mx\/wp-content\/uploads\/2025\/11\/pdf-e1764341117341.png\" alt=\"\"><\/a><\/td><\/tr><tr><td>MARCO DE INGENIERIA NUEVA<br>MICHOACANA S.A. DE C.V.<\/td><td class=\"has-text-align-center\" data-align=\"center\"><strong>MACN-F3-FAIS-IR-004\/2025<\/strong><\/td><td class=\"has-text-align-center\" data-align=\"center\"><a href=\"https:\/\/amatlan.gob.mx\/wp-content\/obrasp\/MACN-F3-FAIS-IR-004-2025.pdf\" target=\"_blank\" rel=\"noreferrer noopener\"><img loading=\"lazy\" decoding=\"async\" width=\"25\" height=\"34\" class=\"wp-image-131\" style=\"width: 25px;\" src=\"https:\/\/www.amatlan.gob.mx\/wp-content\/uploads\/2025\/11\/pdf-e1764341117341.png\" alt=\"\"><\/a><\/td><\/tr><\/tbody><\/table><\/figure>\n\n\n\n<hr class=\"wp-block-separator has-alpha-channel-opacity\"\/>\n\n\n\n<figure class=\"wp-block-table is-style-stripes has-small-font-size\"><table><tbody><tr><td><strong>ENTREGA &#8211; RECEPCI\u00d3N<\/strong><\/td><td class=\"has-text-align-center\" data-align=\"center\"><strong>N\u00daMERO DE CONTRATO<\/strong><\/td><td class=\"has-text-align-center\" data-align=\"center\"><strong>ARCHIVO<\/strong><\/td><\/tr><tr><td>ERIC SANDOVAL VILLEGAS<\/td><td class=\"has-text-align-center\" data-align=\"center\"><strong>MACN-F3-002\/2024<\/strong><\/td><td class=\"has-text-align-center\" data-align=\"center\"><a href=\"https:\/\/amatlan.gob.mx\/wp-content\/obrasp\/MACN-F3-002-2024.pdf\" target=\"_blank\" rel=\"noreferrer noopener\"><img loading=\"lazy\" decoding=\"async\" width=\"25\" height=\"34\" class=\"wp-image-131\" style=\"width: 25px;\" src=\"https:\/\/www.amatlan.gob.mx\/wp-content\/uploads\/2025\/11\/pdf-e1764341117341.png\" alt=\"\"><\/a><\/td><\/tr><tr><td>ING. JUANA CH\u00c1VEZ GALLEGOS<\/td><td class=\"has-text-align-center\" data-align=\"center\"><strong>MACN-F3-FAIS-IR-004\/2024<\/strong><\/td><td class=\"has-text-align-center\" data-align=\"center\"><a href=\"https:\/\/amatlan.gob.mx\/wp-content\/obrasp\/MACN-F3-FAIS-IR-004-2024.pdf\" target=\"_blank\" rel=\"noreferrer noopener\"><img loading=\"lazy\" decoding=\"async\" width=\"25\" height=\"34\" class=\"wp-image-131\" style=\"width: 25px;\" src=\"https:\/\/www.amatlan.gob.mx\/wp-content\/uploads\/2025\/11\/pdf-e1764341117341.png\" alt=\"\"><\/a><\/td><\/tr><tr><td>AXL TOPOGRAF\u00cdA OBRA CIVIL PROYECTOS<\/td><td class=\"has-text-align-center\" data-align=\"center\"><strong>MACN-F3-001\/2024<\/strong><\/td><td class=\"has-text-align-center\" data-align=\"center\"><a href=\"https:\/\/amatlan.gob.mx\/wp-content\/obrasp\/MACN-F3-001-2024.pdf\" target=\"_blank\" rel=\"noreferrer noopener\"><img loading=\"lazy\" decoding=\"async\" width=\"25\" height=\"34\" class=\"wp-image-131\" style=\"width: 25px;\" src=\"https:\/\/www.amatlan.gob.mx\/wp-content\/uploads\/2025\/11\/pdf-e1764341117341.png\" alt=\"\"><\/a><\/td><\/tr><tr><td>AXL TOPOGRAF\u00cdA OBRA CIVIL PROYECTOS<\/td><td class=\"has-text-align-center\" data-align=\"center\"><strong>MACN-F3-003\/2024<\/strong><\/td><td class=\"has-text-align-center\" data-align=\"center\"><a href=\"https:\/\/amatlan.gob.mx\/wp-content\/obrasp\/MACN-F3-003-2024.pdf\" target=\"_blank\" rel=\"noreferrer noopener\"><img loading=\"lazy\" decoding=\"async\" width=\"25\" height=\"34\" class=\"wp-image-131\" style=\"width: 25px;\" src=\"https:\/\/www.amatlan.gob.mx\/wp-content\/uploads\/2025\/11\/pdf-e1764341117341.png\" alt=\"\"><\/a><\/td><\/tr><\/tbody><\/table><\/figure>\n\n\n\n<hr class=\"wp-block-separator has-alpha-channel-opacity\"\/>\n\n\n\n<p><\/p>\n","protected":false},"excerpt":{"rendered":"<p>A la Direcci\u00f3n de Obras y Servicios P\u00fablicos le corresponde planear, operar, ejecutar, supervisar y coordinar el programa operativo de obra, organizar y supervisar la calidad de materiales y cumplimiento de tiempos programados en la obra; as\u00ed como planear, ejecutar y supervisar el buen funcionamiento de los servicios p\u00fablicos municipales, de igual forma le corresponde [&hellip;]<\/p>\n","protected":false},"author":1,"featured_media":0,"parent":0,"menu_order":0,"comment_status":"closed","ping_status":"closed","template":"","meta":{"footnotes":""},"class_list":["post-702","page","type-page","status-publish","hentry"],"_links":{"self":[{"href":"https:\/\/www.amatlan.gob.mx\/index.php?rest_route=\/wp\/v2\/pages\/702","targetHints":{"allow":["GET"]}}],"collection":[{"href":"https:\/\/www.amatlan.gob.mx\/index.php?rest_route=\/wp\/v2\/pages"}],"about":[{"href":"https:\/\/www.amatlan.gob.mx\/index.php?rest_route=\/wp\/v2\/types\/page"}],"author":[{"embeddable":true,"href":"https:\/\/www.amatlan.gob.mx\/index.php?rest_route=\/wp\/v2\/users\/1"}],"replies":[{"embeddable":true,"href":"https:\/\/www.amatlan.gob.mx\/index.php?rest_route=%2Fwp%2Fv2%2Fcomments&post=702"}],"version-history":[{"count":16,"href":"https:\/\/www.amatlan.gob.mx\/index.php?rest_route=\/wp\/v2\/pages\/702\/revisions"}],"predecessor-version":[{"id":729,"href":"https:\/\/www.amatlan.gob.mx\/index.php?rest_route=\/wp\/v2\/pages\/702\/revisions\/729"}],"wp:attachment":[{"href":"https:\/\/www.amatlan.gob.mx\/index.php?rest_route=%2Fwp%2Fv2%2Fmedia&parent=702"}],"curies":[{"name":"wp","href":"https:\/\/api.w.org\/{rel}","templated":true}]}}