{"id":57,"date":"2025-11-24T18:00:34","date_gmt":"2025-11-24T18:00:34","guid":{"rendered":"https:\/\/www.amatlan.gob.mx\/wp\/?page_id=57"},"modified":"2026-02-13T08:37:21","modified_gmt":"2026-02-13T15:37:21","slug":"oromapas","status":"publish","type":"page","link":"https:\/\/www.amatlan.gob.mx\/?page_id=57","title":{"rendered":"OROMAPAS"},"content":{"rendered":"<div class=\"wp-block-image\">\n<figure class=\"aligncenter size-large is-resized\"><img loading=\"lazy\" decoding=\"async\" width=\"1024\" height=\"361\" src=\"https:\/\/www.amatlan.gob.mx\/wp-content\/uploads\/2025\/11\/OromapasLogo-1024x361.png\" alt=\"\" class=\"wp-image-498\" style=\"width:300px\" srcset=\"https:\/\/www.amatlan.gob.mx\/wp-content\/uploads\/2025\/11\/OromapasLogo-1024x361.png 1024w, https:\/\/www.amatlan.gob.mx\/wp-content\/uploads\/2025\/11\/OromapasLogo-300x106.png 300w, https:\/\/www.amatlan.gob.mx\/wp-content\/uploads\/2025\/11\/OromapasLogo-768x270.png 768w, https:\/\/www.amatlan.gob.mx\/wp-content\/uploads\/2025\/11\/OromapasLogo-1536x541.png 1536w, https:\/\/www.amatlan.gob.mx\/wp-content\/uploads\/2025\/11\/OromapasLogo.png 1619w\" sizes=\"auto, (max-width: 1024px) 100vw, 1024px\" \/><\/figure>\n<\/div>\n\n\n<p><\/p>\n\n\n\n<p class=\"has-text-align-center\">La transparencia gubernamental es la disponibilidad de informaci\u00f3n sobre las actividades de los organismos p\u00fablicos para el p\u00fablico en general. Esta informaci\u00f3n debe estar disponible de manera oportuna, completa y permanente, salvo en los casos que la ley establezca.<\/p>\n\n\n\n<p class=\"has-text-align-center\">La transparencia gubernamental est\u00e1 relacionada con el acceso a la informaci\u00f3n y la rendici\u00f3n de cuentas. El acceso a la informaci\u00f3n es un derecho de la ciudadan\u00eda, y la rendici\u00f3n de cuentas es un deber legal y \u00e9tico de las autoridades.<\/p>\n\n\n\n<hr class=\"wp-block-separator has-alpha-channel-opacity\"\/>\n\n\n\n<p class=\"has-medium-font-size\"><strong>Sistema Integral de Contabilidad Gubernamental.<\/strong><\/p>\n\n\n\n<ul class=\"wp-block-list\">\n<li><strong><a href=\"https:\/\/www.amatlan.gob.mx\/wp-content\/oromapassevac\/MANUAL DE CONTABILIDAD OROMAPAS AMATLAN.pdf\" target=\"_blank\" rel=\"noreferrer noopener\">Manual de Contabilidad Gubernamental.<\/a><\/strong><\/li>\n<\/ul>\n\n\n\n<details class=\"wp-block-details\"><summary><strong><mark style=\"background-color:rgba(0, 0, 0, 0)\" class=\"has-inline-color has-luminous-vivid-orange-color is-layout-flow wp-block-details-is-layout-flow\">Inventario Bienes Muebles e Inmuebles.<\/mark><\/strong><\/summary>\n<p><\/p>\n\n\n\n<p class=\"has-text-align-center has-medium-font-size\"><strong>&#8211; Inventario &#8211;<\/strong> <\/p>\n\n\n\n<figure class=\"wp-block-table is-style-stripes has-small-font-size\"><table><tbody><tr><td><strong>DESCRIPCI\u00d3N<\/strong><\/td><td class=\"has-text-align-center\" data-align=\"center\"><strong>PERIODO<\/strong><\/td><td class=\"has-text-align-center\" data-align=\"center\"><strong>A\u00d1O<\/strong><\/td><td class=\"has-text-align-right\" data-align=\"right\"><strong>DOCUMENTO<\/strong><\/td><\/tr><tr><td>INVENTARIO BIENES MUBLES E INMUEBLES<\/td><td class=\"has-text-align-center\" data-align=\"center\">SEGUNDO SEMESTRE<\/td><td class=\"has-text-align-center\" data-align=\"center\">2025<\/td><td class=\"has-text-align-right\" data-align=\"right\"><a href=\"https:\/\/www.amatlan.gob.mx\/wp-content\/oromapassevac\/inventario\/2025\/D.5.4 INVENTARIO2 .pdf\" target=\"_blank\" rel=\"noreferrer noopener\"><img decoding=\"async\" class=\"wp-image-131\" style=\"width: 35px;\" src=\"https:\/\/www.amatlan.gob.mx\/wp-content\/uploads\/2025\/11\/pdf-e1764034368546.png\" alt=\"\"><\/a><\/td><\/tr><tr><td>INVENTARIO BIENES MUBLES E INMUEBLES<\/td><td class=\"has-text-align-center\" data-align=\"center\">PRIMER SEMESTRE<\/td><td class=\"has-text-align-center\" data-align=\"center\">2025<\/td><td class=\"has-text-align-right\" data-align=\"right\"><a href=\"https:\/\/www.amatlan.gob.mx\/wp-content\/oromapassevac\/inventario\/2025\/PRIMER SEMESTRE 2025.pdf\" target=\"_blank\" rel=\"noreferrer noopener\"><img decoding=\"async\" class=\"wp-image-131\" style=\"width: 35px;\" src=\"https:\/\/www.amatlan.gob.mx\/wp-content\/uploads\/2025\/11\/pdf-e1764034368546.png\" alt=\"\"><\/a><a href=\"https:\/\/www.amatlan.gob.mx\/?page_id=18\" data-type=\"page\" data-id=\"18\"><\/a><\/td><\/tr><tr><td>INVENTARIO BIENES MUBLES E INMUEBLES<\/td><td class=\"has-text-align-center\" data-align=\"center\">SEGUNDO SEMESTRE<\/td><td class=\"has-text-align-center\" data-align=\"center\">2024<\/td><td class=\"has-text-align-right\" data-align=\"right\"><a href=\"https:\/\/www.amatlan.gob.mx\/wp-content\/oromapassevac\/inventario\/2024\/Inventario2024.pdf\" target=\"_blank\" rel=\"noreferrer noopener\"><img decoding=\"async\" class=\"wp-image-131\" style=\"width: 35px;\" src=\"https:\/\/www.amatlan.gob.mx\/wp-content\/uploads\/2025\/11\/pdf-e1764034368546.png\" alt=\"\"><\/a><\/td><\/tr><\/tbody><\/table><\/figure>\n<\/details>\n\n\n\n<details class=\"wp-block-details\"><summary><strong><mark style=\"background-color:rgba(0, 0, 0, 0)\" class=\"has-inline-color has-luminous-vivid-orange-color is-layout-flow wp-block-details-is-layout-flow\">Informaci\u00f3n Sobre las Cuentas P\u00fablicas.<\/mark><\/strong><\/summary>\n<p><\/p>\n\n\n\n<p class=\"has-text-align-center has-medium-font-size\"> <strong>&#8211; Cuentas P\u00fablicas &#8211;<\/strong> <\/p>\n\n\n\n<figure class=\"wp-block-table is-style-stripes has-small-font-size\"><table><tbody><tr><td><strong>DESCRIPCI\u00d3N<\/strong><\/td><td class=\"has-text-align-center\" data-align=\"center\"><strong>A\u00d1O<\/strong><\/td><td class=\"has-text-align-right\" data-align=\"right\"><strong>ARCHIVO<\/strong><\/td><\/tr><tr><td>CUENTA P\u00daBLICA<\/td><td class=\"has-text-align-center\" data-align=\"center\">2019<\/td><td class=\"has-text-align-right\" data-align=\"right\"><a href=\"https:\/\/www.amatlan.gob.mx\/wp-content\/oromapassevac\/cuentapublica\/2019.pdf\" target=\"_blank\" rel=\"noreferrer noopener\"><img decoding=\"async\" class=\"wp-image-131\" style=\"width: 35px;\" src=\"https:\/\/www.amatlan.gob.mx\/wp-content\/uploads\/2025\/11\/pdf-e1764034368546.png\" alt=\"\"><\/a><\/td><\/tr><tr><td>CUENTA P\u00daBLICA<\/td><td class=\"has-text-align-center\" data-align=\"center\">2020<\/td><td class=\"has-text-align-right\" data-align=\"right\"><a href=\"https:\/\/www.amatlan.gob.mx\/wp-content\/oromapassevac\/cuentapublica\/2020.pdf\" target=\"_blank\" rel=\"noreferrer noopener\"><img decoding=\"async\" class=\"wp-image-131\" style=\"width: 35px;\" src=\"https:\/\/www.amatlan.gob.mx\/wp-content\/uploads\/2025\/11\/pdf-e1764034368546.png\" alt=\"\"><\/a><\/td><\/tr><tr><td>CUENTA P\u00daBLICA<\/td><td class=\"has-text-align-center\" data-align=\"center\">2021<\/td><td class=\"has-text-align-right\" data-align=\"right\"><a href=\"https:\/\/www.amatlan.gob.mx\/wp-content\/oromapassevac\/cuentapublica\/2021.pdf\" target=\"_blank\" rel=\"noreferrer noopener\"><img decoding=\"async\" class=\"wp-image-131\" style=\"width: 35px;\" src=\"https:\/\/www.amatlan.gob.mx\/wp-content\/uploads\/2025\/11\/pdf-e1764034368546.png\" alt=\"\"><\/a><\/td><\/tr><tr><td>CUENTA P\u00daBLICA<\/td><td class=\"has-text-align-center\" data-align=\"center\">2022<\/td><td class=\"has-text-align-right\" data-align=\"right\"><a href=\"https:\/\/www.amatlan.gob.mx\/wp-content\/oromapassevac\/cuentapublica\/2022.pdf\" target=\"_blank\" rel=\"noreferrer noopener\"><img decoding=\"async\" class=\"wp-image-131\" style=\"width: 35px;\" src=\"https:\/\/www.amatlan.gob.mx\/wp-content\/uploads\/2025\/11\/pdf-e1764034368546.png\" alt=\"\"><\/a><\/td><\/tr><tr><td>CUENTA P\u00daBLICA<\/td><td class=\"has-text-align-center\" data-align=\"center\">2023<\/td><td class=\"has-text-align-right\" data-align=\"right\"><a href=\"https:\/\/www.amatlan.gob.mx\/wp-content\/oromapassevac\/cuentapublica\/2023.pdf\" target=\"_blank\" rel=\"noreferrer noopener\"><img decoding=\"async\" class=\"wp-image-131\" style=\"width: 35px;\" src=\"https:\/\/www.amatlan.gob.mx\/wp-content\/uploads\/2025\/11\/pdf-e1764034368546.png\" alt=\"\"><\/a><a href=\"https:\/\/www.amatlan.gob.mx\/wp-content\/oromapassevac\/cuentapublica\/CUENTA PUBLICA 2023.pdf\" target=\"_blank\" rel=\"noreferrer noopener\"><\/a><\/td><\/tr><tr><td>CUENTA P\u00daBLICA<\/td><td class=\"has-text-align-center\" data-align=\"center\">2024<\/td><td class=\"has-text-align-right\" data-align=\"right\"><a href=\"https:\/\/www.amatlan.gob.mx\/wp-content\/oromapassevac\/cuentapublica\/2024.pdf\" target=\"_blank\" rel=\"noreferrer noopener\"><img decoding=\"async\" class=\"wp-image-131\" style=\"width: 35px;\" src=\"https:\/\/www.amatlan.gob.mx\/wp-content\/uploads\/2025\/11\/pdf-e1764034368546.png\" alt=\"\"><\/a><\/td><\/tr><\/tbody><\/table><\/figure>\n<\/details>\n\n\n\n<details class=\"wp-block-details\"><summary><strong><mark style=\"background-color:rgba(0, 0, 0, 0)\" class=\"has-inline-color has-luminous-vivid-orange-color is-layout-flow wp-block-details-is-layout-flow\">Ejercicios Fiscales.<\/mark><\/strong><\/summary>\n<p><\/p>\n\n\n\n<p class=\"has-text-align-center has-medium-font-size\"><strong>&#8211; Ejercicios Fiscales &#8211; <\/strong><\/p>\n\n\n\n<p><\/p>\n\n\n\n<figure class=\"wp-block-table is-style-stripes has-small-font-size\"><table><tbody><tr><td><strong>EJERCICIO FISCAL  2024<\/strong><\/td><td class=\"has-text-align-center\" data-align=\"center\"><strong>TRIMESTRE<\/strong><\/td><\/tr><\/tbody><\/table><\/figure>\n\n\n\n<figure class=\"wp-block-table is-style-stripes has-small-font-size\"><table><tbody><tr><td><\/td><td class=\"has-text-align-center\" data-align=\"center\"><strong>1<\/strong><\/td><td class=\"has-text-align-center\" data-align=\"center\"><strong>2<\/strong><\/td><td class=\"has-text-align-center\" data-align=\"center\"><strong>3<\/strong><\/td><td class=\"has-text-align-center\" data-align=\"center\"><strong>4<\/strong><\/td><\/tr><tr><td>FORMATO DE AYUDAS Y SUBSIDIOS<\/td><td class=\"has-text-align-center\" data-align=\"center\">&#8211;<\/td><td class=\"has-text-align-center\" data-align=\"center\">&#8211;<\/td><td class=\"has-text-align-center\" data-align=\"center\"><a href=\"https:\/\/www.amatlan.gob.mx\/wp-content\/oromapassevac\/ejerciciosfiscales\/2024\/D.1.11 MONTOS EFECTIVAMENTE PAGADOS DURANTE EL PERIODO POR CONCEPTO DE AYUDAS Y SUBSIDIOS - 3.pdf\" target=\"_blank\" rel=\"noreferrer noopener\"><img decoding=\"async\" class=\"wp-image-131\" style=\"width: 35px;\" src=\"https:\/\/www.amatlan.gob.mx\/wp-content\/uploads\/2025\/11\/pdf-e1764034368546.png\" alt=\"\"><\/a><\/td><td class=\"has-text-align-center\" data-align=\"center\"><a href=\"https:\/\/www.amatlan.gob.mx\/wp-content\/oromapassevac\/ejerciciosfiscales\/2024\/D.1.11 MONTOS EFECTIVAMENTE PAGADOS DURANTE EL PERIODO POR CONCEPTO DE AYUDAS Y SUBSIDIOS - 4.pdf\" target=\"_blank\" rel=\"noreferrer noopener\"><img decoding=\"async\" class=\"wp-image-131\" style=\"width: 35px;\" src=\"https:\/\/www.amatlan.gob.mx\/wp-content\/uploads\/2025\/11\/pdf-e1764034368546.png\" alt=\"\"><\/a><\/td><\/tr><tr><td>ESTADO DE ACTIVIDADES<\/td><td class=\"has-text-align-center\" data-align=\"center\">&#8211;<\/td><td class=\"has-text-align-center\" data-align=\"center\">&#8211;<\/td><td class=\"has-text-align-center\" data-align=\"center\"><a href=\"https:\/\/www.amatlan.gob.mx\/wp-content\/oromapassevac\/ejerciciosfiscales\/2024\/D.2.1 ESTADO DE ACTIVIDADES - 3.pdf\" target=\"_blank\" rel=\"noreferrer noopener\"><img decoding=\"async\" class=\"wp-image-131\" style=\"width: 35px;\" src=\"https:\/\/www.amatlan.gob.mx\/wp-content\/uploads\/2025\/11\/pdf-e1764034368546.png\" alt=\"\"><\/a><\/td><td class=\"has-text-align-center\" data-align=\"center\">&#8211;<\/td><\/tr><tr><td>ESTADO DE SITUACI\u00d3N FINANCIERA<\/td><td class=\"has-text-align-center\" data-align=\"center\">&#8211;<a href=\"https:\/\/www.amatlan.gob.mx\/wp-content\/difsevac\/ejerciciosfiscales\/2025\/D.2.2 ESTADO DE SITUACI\u00d3N FINANCIERA - 1.pdf\" target=\"_blank\" rel=\"noreferrer noopener\"><\/a><\/td><td class=\"has-text-align-center\" data-align=\"center\">&#8211;<a href=\"https:\/\/www.amatlan.gob.mx\/wp-content\/difsevac\/ejerciciosfiscales\/2025\/D.2.2 ESTADO DE SITUACI\u00d3N FINANCIERA - 2.pdf\" target=\"_blank\" rel=\"noreferrer noopener\"><\/a><\/td><td class=\"has-text-align-center\" data-align=\"center\"><a href=\"https:\/\/www.amatlan.gob.mx\/wp-content\/oromapassevac\/ejerciciosfiscales\/2024\/D.2.2 ESTADO DE SITUACI\u00d3N FINANCIERA - 3.pdf\" target=\"_blank\" rel=\"noreferrer noopener\"><img decoding=\"async\" class=\"wp-image-131\" style=\"width: 35px;\" src=\"https:\/\/www.amatlan.gob.mx\/wp-content\/uploads\/2025\/11\/pdf-e1764034368546.png\" alt=\"\"><\/a><\/td><td class=\"has-text-align-center\" data-align=\"center\">&#8211;<\/td><\/tr><tr><td>ESTADO ANAL\u00cdTICO DE INGRESOS<\/td><td class=\"has-text-align-center\" data-align=\"center\">&#8211;<a href=\"https:\/\/www.amatlan.gob.mx\/wp-content\/difsevac\/ejerciciosfiscales\/2025\/D.3.1 ESTADO ANAL\u00cdTICO DE INGRESOS - 1.pdf\" target=\"_blank\" rel=\"noreferrer noopener\"><\/a><\/td><td class=\"has-text-align-center\" data-align=\"center\">&#8211;<a href=\"https:\/\/www.amatlan.gob.mx\/wp-content\/difsevac\/ejerciciosfiscales\/2025\/D.3.1 ESTADO ANAL\u00cdTICO DE INGRESOS - 2.pdf\" target=\"_blank\" rel=\"noreferrer noopener\"><\/a><\/td><td class=\"has-text-align-center\" data-align=\"center\"><a href=\"https:\/\/www.amatlan.gob.mx\/wp-content\/oromapassevac\/ejerciciosfiscales\/2024\/D.3.1 ESTADO ANAL\u00cdTICO DE INGRESOS - 3.pdf\" target=\"_blank\" rel=\"noreferrer noopener\"><img decoding=\"async\" class=\"wp-image-131\" style=\"width: 35px;\" src=\"https:\/\/www.amatlan.gob.mx\/wp-content\/uploads\/2025\/11\/pdf-e1764034368546.png\" alt=\"\"><\/a><\/td><td class=\"has-text-align-center\" data-align=\"center\">&#8211;<\/td><\/tr><tr><td>ESTA DO ANAL\u00cdTICO DEL PRESUPUESTO DE EGRESOS OBJETO DE GASTO <\/td><td class=\"has-text-align-center\" data-align=\"center\">&#8211;<a href=\"https:\/\/www.amatlan.gob.mx\/wp-content\/difsevac\/ejerciciosfiscales\/2025\/D.3.4 ESTADO ANAL\u00cdTICO DEL PRESUPUESTO DE EGRESOS OBJETO DEL GASTO - 1.pdf\" target=\"_blank\" rel=\"noreferrer noopener\"><\/a><\/td><td class=\"has-text-align-center\" data-align=\"center\">&#8211;<a href=\"https:\/\/www.amatlan.gob.mx\/wp-content\/difsevac\/ejerciciosfiscales\/2025\/D.3.4 ESTADO ANAL\u00cdTICO DEL PRESUPUESTO DE EGRESOS OBJETO DEL GASTO - 2.pdf\" target=\"_blank\" rel=\"noreferrer noopener\"><\/a><\/td><td class=\"has-text-align-center\" data-align=\"center\"><a href=\"https:\/\/www.amatlan.gob.mx\/wp-content\/oromapassevac\/ejerciciosfiscales\/2024\/D.3.4 ESTADO ANAL\u00cdTICO DEL PRESUPUESTO DE EGRESOS OBJETO DEL GASTO - 3.pdf\" target=\"_blank\" rel=\"noreferrer noopener\"><img decoding=\"async\" class=\"wp-image-131\" style=\"width: 35px;\" src=\"https:\/\/www.amatlan.gob.mx\/wp-content\/uploads\/2025\/11\/pdf-e1764034368546.png\" alt=\"\"><\/a><\/td><td class=\"has-text-align-center\" data-align=\"center\">&#8211;<\/td><\/tr><tr><td>SUBSIDIOS<\/td><td class=\"has-text-align-center\" data-align=\"center\">&#8211;<\/td><td class=\"has-text-align-center\" data-align=\"center\">&#8211;<\/td><td class=\"has-text-align-center\" data-align=\"center\"><a href=\"https:\/\/www.amatlan.gob.mx\/wp-content\/oromapassevac\/ejerciciosfiscales\/2024\/SUBSIDIOS - 3.pdf\" target=\"_blank\" rel=\"noreferrer noopener\"><img decoding=\"async\" class=\"wp-image-131\" style=\"width: 35px;\" src=\"https:\/\/www.amatlan.gob.mx\/wp-content\/uploads\/2025\/11\/pdf-e1764034368546.png\" alt=\"\"><\/a><\/td><td class=\"has-text-align-center\" data-align=\"center\">&#8211;<\/td><\/tr><\/tbody><\/table><\/figure>\n\n\n\n<p><\/p>\n\n\n\n<p><\/p>\n\n\n\n<figure class=\"wp-block-table is-style-stripes has-small-font-size\"><table><tbody><tr><td><strong>EJERCICIO FISCAL  2025<\/strong><\/td><td class=\"has-text-align-center\" data-align=\"center\"><strong>TRIMESTRE<\/strong><\/td><\/tr><\/tbody><\/table><\/figure>\n\n\n\n<figure class=\"wp-block-table is-style-stripes has-small-font-size\"><table><tbody><tr><td><\/td><td class=\"has-text-align-center\" data-align=\"center\"><strong>1<\/strong><\/td><td class=\"has-text-align-center\" data-align=\"center\"><strong>2<\/strong><\/td><td class=\"has-text-align-center\" data-align=\"center\"><strong>3<\/strong><\/td><td class=\"has-text-align-center\" data-align=\"center\"><strong>4<\/strong><\/td><\/tr><tr><td>FORMATO DE AYUDAS Y SUBSIDIOS<\/td><td class=\"has-text-align-center\" data-align=\"center\"><a href=\"https:\/\/www.amatlan.gob.mx\/wp-content\/oromapassevac\/ejerciciosfiscales\/2025\/D.1.11 MONTOS EFECTIVAMENTE PAGADOS DURANTE EL PERIODO POR CONCEPTO DE AYUDAS Y SUBSIDIOS - 1.pdf\" target=\"_blank\" rel=\"noreferrer noopener\"><img decoding=\"async\" class=\"wp-image-131\" style=\"width: 35px;\" src=\"https:\/\/www.amatlan.gob.mx\/wp-content\/uploads\/2025\/11\/pdf-e1764034368546.png\" alt=\"\"><\/a><\/td><td class=\"has-text-align-center\" data-align=\"center\"><a href=\"https:\/\/www.amatlan.gob.mx\/wp-content\/oromapassevac\/ejerciciosfiscales\/2025\/D.1.11 MONTOS EFECTIVAMENTE PAGADOS DURANTE EL PERIODO POR CONCEPTO DE AYUDAS Y SUBSIDIOS - 2.pdf\" target=\"_blank\" rel=\"noreferrer noopener\"><img decoding=\"async\" class=\"wp-image-131\" style=\"width: 35px;\" src=\"https:\/\/www.amatlan.gob.mx\/wp-content\/uploads\/2025\/11\/pdf-e1764034368546.png\" alt=\"\"><\/a><\/td><td class=\"has-text-align-center\" data-align=\"center\"><a href=\"https:\/\/www.amatlan.gob.mx\/wp-content\/oromapassevac\/ejerciciosfiscales\/2025\/D.1.11 MONTOS EFECTIVAMENTE PAGADOS DURANTE EL PERIODO POR CONCEPTO DE AYUDAS Y SUBSIDIOS - 3.pdf\" target=\"_blank\" rel=\"noreferrer noopener\"><img decoding=\"async\" class=\"wp-image-131\" style=\"width: 35px;\" src=\"https:\/\/www.amatlan.gob.mx\/wp-content\/uploads\/2025\/11\/pdf-e1764034368546.png\" alt=\"\"><\/a><a href=\"https:\/\/www.amatlan.gob.mx\/wp-content\/oromapassevac\/ejerciciosfiscales\/2024\/D.1.11 MONTOS EFECTIVAMENTE PAGADOS DURANTE EL PERIODO POR CONCEPTO DE AYUDAS Y SUBSIDIOS - 3.pdf\" target=\"_blank\" rel=\"noreferrer noopener\"><\/a><\/td><td class=\"has-text-align-center\" data-align=\"center\"><a href=\"https:\/\/www.amatlan.gob.mx\/wp-content\/oromapassevac\/ejerciciosfiscales\/2025\/D.1.11 MONTOS EFECTIVAMENTE PAGADOS DURANTE EL PERIODO POR CONCEPTO DE AYUDAS Y SUBSIDIOS - 4.pdf\" target=\"_blank\" rel=\"noreferrer noopener\"><img decoding=\"async\" class=\"wp-image-131\" style=\"width: 35px;\" src=\"https:\/\/www.amatlan.gob.mx\/wp-content\/uploads\/2025\/11\/pdf-e1764034368546.png\" alt=\"\"><\/a><\/td><\/tr><tr><td>ESTADO DE ACTIVIDADES<\/td><td class=\"has-text-align-center\" data-align=\"center\"><a href=\"https:\/\/www.amatlan.gob.mx\/wp-content\/oromapassevac\/ejerciciosfiscales\/2025\/D.2.1 ESTADO DE ACTIVIDADES - 1.pdf\" target=\"_blank\" rel=\"noreferrer noopener\"><img decoding=\"async\" class=\"wp-image-131\" style=\"width: 35px;\" src=\"https:\/\/www.amatlan.gob.mx\/wp-content\/uploads\/2025\/11\/pdf-e1764034368546.png\" alt=\"\"><\/a><\/td><td class=\"has-text-align-center\" data-align=\"center\"><a href=\"https:\/\/www.amatlan.gob.mx\/wp-content\/oromapassevac\/ejerciciosfiscales\/2025\/D.2.1%20ESTADO%20DE%20ACTIVIDADES%20-%202.pdf\" target=\"_blank\" rel=\"noreferrer noopener\"><img decoding=\"async\" src=\"https:\/\/www.amatlan.gob.mx\/wp-content\/uploads\/2025\/11\/pdf-e1764034368546.png\" alt=\"\"><\/a><\/td><td class=\"has-text-align-center\" data-align=\"center\"><a href=\"https:\/\/www.amatlan.gob.mx\/wp-content\/oromapassevac\/ejerciciosfiscales\/2025\/D.2.1%20ESTADO%20DE%20ACTIVIDADES%20-%203.pdf\" target=\"_blank\" rel=\"noreferrer noopener\"><img decoding=\"async\" src=\"https:\/\/www.amatlan.gob.mx\/wp-content\/uploads\/2025\/11\/pdf-e1764034368546.png\" alt=\"\"><\/a><a href=\"https:\/\/www.amatlan.gob.mx\/wp-content\/oromapassevac\/ejerciciosfiscales\/2024\/D.2.1 ESTADO DE ACTIVIDADES - 3.pdf\" target=\"_blank\" rel=\"noreferrer noopener\"><\/a><\/td><td class=\"has-text-align-center\" data-align=\"center\">&#8211;<\/td><\/tr><tr><td>ESTADO DE SITUACI\u00d3N FINANCIERA<\/td><td class=\"has-text-align-center\" data-align=\"center\"><a href=\"https:\/\/www.amatlan.gob.mx\/wp-content\/oromapassevac\/ejerciciosfiscales\/2025\/D.2.2 ESTADO DE SITUACI\u00d3N FINANCIERA - 1.pdf\" target=\"_blank\" rel=\"noreferrer noopener\"><img decoding=\"async\" class=\"wp-image-131\" style=\"width: 35px;\" src=\"https:\/\/www.amatlan.gob.mx\/wp-content\/uploads\/2025\/11\/pdf-e1764034368546.png\" alt=\"\"><\/a><\/td><td class=\"has-text-align-center\" data-align=\"center\"><a href=\"https:\/\/www.amatlan.gob.mx\/wp-content\/oromapassevac\/ejerciciosfiscales\/2025\/D.2.2%20ESTADO%20DE%20SITUACI%C3%93N%20FINANCIERA%20-%202.pdf\" target=\"_blank\" rel=\"noreferrer noopener\"><img decoding=\"async\" src=\"https:\/\/www.amatlan.gob.mx\/wp-content\/uploads\/2025\/11\/pdf-e1764034368546.png\" alt=\"\"><\/a><\/td><td class=\"has-text-align-center\" data-align=\"center\"><a href=\"https:\/\/www.amatlan.gob.mx\/wp-content\/oromapassevac\/ejerciciosfiscales\/2025\/D.2.2%20ESTADO%20DE%20SITUACI%C3%93N%20FINANCIERA%20-%203.pdf\" target=\"_blank\" rel=\"noreferrer noopener\"><img decoding=\"async\" src=\"https:\/\/www.amatlan.gob.mx\/wp-content\/uploads\/2025\/11\/pdf-e1764034368546.png\" alt=\"\"><\/a><a href=\"https:\/\/www.amatlan.gob.mx\/wp-content\/oromapassevac\/ejerciciosfiscales\/2024\/D.2.2 ESTADO DE SITUACI\u00d3N FINANCIERA - 3.pdf\" target=\"_blank\" rel=\"noreferrer noopener\"><\/a><\/td><td class=\"has-text-align-center\" data-align=\"center\">&#8211;<\/td><\/tr><tr><td>ESTADO ANAL\u00cdTICO DE INGRESOS<\/td><td class=\"has-text-align-center\" data-align=\"center\"><a href=\"https:\/\/www.amatlan.gob.mx\/wp-content\/oromapassevac\/ejerciciosfiscales\/2025\/D.3.1 ESTADO ANAL\u00cdTICO DE INGRESOS - 1.pdf\" target=\"_blank\" rel=\"noreferrer noopener\"><img decoding=\"async\" class=\"wp-image-131\" style=\"width: 35px;\" src=\"https:\/\/www.amatlan.gob.mx\/wp-content\/uploads\/2025\/11\/pdf-e1764034368546.png\" alt=\"\"><\/a><\/td><td class=\"has-text-align-center\" data-align=\"center\"><a href=\"https:\/\/www.amatlan.gob.mx\/wp-content\/oromapassevac\/ejerciciosfiscales\/2025\/D.3.1%20ESTADO%20ANAL%C3%8DTICO%20DE%20INGRESOS%20-%202.pdf\" target=\"_blank\" rel=\"noreferrer noopener\"><img decoding=\"async\" src=\"https:\/\/www.amatlan.gob.mx\/wp-content\/uploads\/2025\/11\/pdf-e1764034368546.png\" alt=\"\"><\/a><\/td><td class=\"has-text-align-center\" data-align=\"center\"><a href=\"https:\/\/www.amatlan.gob.mx\/wp-content\/oromapassevac\/ejerciciosfiscales\/2025\/D.3.1%20ESTADO%20ANAL%C3%8DTICO%20DE%20INGRESOS%20-%203.pdf\" target=\"_blank\" rel=\"noreferrer noopener\"><img decoding=\"async\" src=\"https:\/\/www.amatlan.gob.mx\/wp-content\/uploads\/2025\/11\/pdf-e1764034368546.png\" alt=\"\"><\/a><a href=\"https:\/\/www.amatlan.gob.mx\/wp-content\/oromapassevac\/ejerciciosfiscales\/2024\/D.3.1 ESTADO ANAL\u00cdTICO DE INGRESOS - 3.pdf\" target=\"_blank\" rel=\"noreferrer noopener\"><\/a><\/td><td class=\"has-text-align-center\" data-align=\"center\">&#8211;<\/td><\/tr><tr><td>ESTA DO ANAL\u00cdTICO DEL PRESUPUESTO DE EGRESOS OBJETO DE GASTO <\/td><td class=\"has-text-align-center\" data-align=\"center\"><a href=\"https:\/\/www.amatlan.gob.mx\/wp-content\/oromapassevac\/ejerciciosfiscales\/2025\/D.3.4 ESTADO ANAL\u00cdTICO DEL PRESUPUESTO DE EGRESOS OBJETO DEL GASTO - 1.pdf\" target=\"_blank\" rel=\"noreferrer noopener\"><img decoding=\"async\" class=\"wp-image-131\" style=\"width: 35px;\" src=\"https:\/\/www.amatlan.gob.mx\/wp-content\/uploads\/2025\/11\/pdf-e1764034368546.png\" alt=\"\"><\/a><\/td><td class=\"has-text-align-center\" data-align=\"center\"><a href=\"https:\/\/www.amatlan.gob.mx\/wp-content\/oromapassevac\/ejerciciosfiscales\/2025\/D.3.4%20ESTADO%20ANAL%C3%8DTICO%20DEL%20PRESUPUESTO%20DE%20EGRESOS%20OBJETO%20DEL%20GASTO%20-%202.pdf\" target=\"_blank\" rel=\"noreferrer noopener\"><img decoding=\"async\" src=\"https:\/\/www.amatlan.gob.mx\/wp-content\/uploads\/2025\/11\/pdf-e1764034368546.png\" alt=\"\"><\/a><\/td><td class=\"has-text-align-center\" data-align=\"center\"><a href=\"https:\/\/www.amatlan.gob.mx\/wp-content\/oromapassevac\/ejerciciosfiscales\/2025\/D.3.4%20ESTADO%20ANAL%C3%8DTICO%20DEL%20PRESUPUESTO%20DE%20EGRESOS%20OBJETO%20DEL%20GASTO%20-%203.pdf\" target=\"_blank\" rel=\"noreferrer noopener\"><img decoding=\"async\" src=\"https:\/\/www.amatlan.gob.mx\/wp-content\/uploads\/2025\/11\/pdf-e1764034368546.png\" alt=\"\"><\/a><a href=\"https:\/\/www.amatlan.gob.mx\/wp-content\/oromapassevac\/ejerciciosfiscales\/2024\/D.3.4 ESTADO ANAL\u00cdTICO DEL PRESUPUESTO DE EGRESOS OBJETO DEL GASTO - 3.pdf\" target=\"_blank\" rel=\"noreferrer noopener\"><\/a><\/td><td class=\"has-text-align-center\" data-align=\"center\">&#8211;<\/td><\/tr><\/tbody><\/table><\/figure>\n<\/details>\n\n\n\n<p><\/p>\n\n\n\n<hr class=\"wp-block-separator has-alpha-channel-opacity\"\/>\n\n\n\n<p><\/p>\n","protected":false},"excerpt":{"rendered":"<p>La transparencia gubernamental es la disponibilidad de informaci\u00f3n sobre las actividades de los organismos p\u00fablicos para el p\u00fablico en general. Esta informaci\u00f3n debe estar disponible de manera oportuna, completa y permanente, salvo en los casos que la ley establezca. La transparencia gubernamental est\u00e1 relacionada con el acceso a la informaci\u00f3n y la rendici\u00f3n de cuentas. [&hellip;]<\/p>\n","protected":false},"author":1,"featured_media":0,"parent":0,"menu_order":0,"comment_status":"closed","ping_status":"closed","template":"","meta":{"footnotes":""},"class_list":["post-57","page","type-page","status-publish","hentry"],"_links":{"self":[{"href":"https:\/\/www.amatlan.gob.mx\/index.php?rest_route=\/wp\/v2\/pages\/57","targetHints":{"allow":["GET"]}}],"collection":[{"href":"https:\/\/www.amatlan.gob.mx\/index.php?rest_route=\/wp\/v2\/pages"}],"about":[{"href":"https:\/\/www.amatlan.gob.mx\/index.php?rest_route=\/wp\/v2\/types\/page"}],"author":[{"embeddable":true,"href":"https:\/\/www.amatlan.gob.mx\/index.php?rest_route=\/wp\/v2\/users\/1"}],"replies":[{"embeddable":true,"href":"https:\/\/www.amatlan.gob.mx\/index.php?rest_route=%2Fwp%2Fv2%2Fcomments&post=57"}],"version-history":[{"count":33,"href":"https:\/\/www.amatlan.gob.mx\/index.php?rest_route=\/wp\/v2\/pages\/57\/revisions"}],"predecessor-version":[{"id":938,"href":"https:\/\/www.amatlan.gob.mx\/index.php?rest_route=\/wp\/v2\/pages\/57\/revisions\/938"}],"wp:attachment":[{"href":"https:\/\/www.amatlan.gob.mx\/index.php?rest_route=%2Fwp%2Fv2%2Fmedia&parent=57"}],"curies":[{"name":"wp","href":"https:\/\/api.w.org\/{rel}","templated":true}]}}