{"id":49,"date":"2025-11-24T17:54:09","date_gmt":"2025-11-24T17:54:09","guid":{"rendered":"https:\/\/www.amatlan.gob.mx\/wp\/?page_id=49"},"modified":"2025-11-26T09:27:15","modified_gmt":"2025-11-26T16:27:15","slug":"numeros-de-servicio-3","status":"publish","type":"page","link":"https:\/\/www.amatlan.gob.mx\/?page_id=49","title":{"rendered":"N\u00fameros de Servicio"},"content":{"rendered":"\n<p>A continuaci\u00f3n dejamos a tu disposici\u00f3n los n\u00fameros telef\u00f3nicos de las diferentes dependencias de Gobierno Municipal as\u00ed como Estatal y de Servcios.<\/p>\n\n\n\n<figure class=\"wp-block-table is-style-stripes\"><table class=\"has-fixed-layout\"><tbody><tr><td><strong>Presidencia Muncipal<\/strong><\/td><td class=\"has-text-align-right\" data-align=\"right\">324 247 0306<\/td><\/tr><tr><td><strong>Sistema DIF Municipal<\/strong><\/td><td class=\"has-text-align-right\" data-align=\"right\">324 247 0101<\/td><\/tr><tr><td><strong>Seguridad P\u00fablica Municipal<\/strong><\/td><td class=\"has-text-align-right\" data-align=\"right\">324 247 0281<\/td><\/tr><tr><td><strong>Protecci\u00f3n Civil Municipal<\/strong><\/td><td class=\"has-text-align-right\" data-align=\"right\">323 136 5979<\/td><\/tr><tr><td><strong>Delegaci\u00f3n de Tr\u00e1nsito<\/strong><\/td><td class=\"has-text-align-right\" data-align=\"right\">324 247 0744<\/td><\/tr><\/tbody><\/table><\/figure>\n\n\n\n<p><\/p>\n\n\n\n<figure class=\"wp-block-table is-style-stripes\"><table class=\"has-fixed-layout\"><tbody><tr><td><strong>Juzgado Mixto<\/strong><\/td><td class=\"has-text-align-right\" data-align=\"right\">324 247 0197<\/td><\/tr><tr><td><strong>Ministerio P\u00fablico<\/strong><\/td><td class=\"has-text-align-right\" data-align=\"right\">324 247 0036<\/td><\/tr><tr><td><strong>Recaudadora <\/strong><\/td><td class=\"has-text-align-right\" data-align=\"right\">324 247 0189<\/td><\/tr><tr><td><strong>Registro Civil del Estado<\/strong><\/td><td class=\"has-text-align-right\" data-align=\"right\">311 215 2146<\/td><\/tr><tr><td><strong>Catastro Estatal<\/strong><\/td><td class=\"has-text-align-right\" data-align=\"right\">311 212 9298<\/td><\/tr><\/tbody><\/table><\/figure>\n\n\n\n<p><\/p>\n\n\n\n<figure class=\"wp-block-table is-style-stripes\"><table class=\"has-fixed-layout\"><tbody><tr><td><strong>CESSA Hospital Amatl\u00e1n<\/strong><\/td><td class=\"has-text-align-right\" data-align=\"right\">324 105 1480<\/td><\/tr><tr><td><strong>Oficina CFE Amatl\u00e1n<\/strong><\/td><td class=\"has-text-align-right\" data-align=\"right\">324 247 0143<\/td><\/tr><tr><td><strong>Cordinaci\u00f3n de Salud<\/strong><\/td><td class=\"has-text-align-right\" data-align=\"right\">324 247 1193<\/td><\/tr><tr><td><strong>Informaci\u00f3n Tur\u00edstica<\/strong><\/td><td class=\"has-text-align-right\" data-align=\"right\">324 247 0306<\/td><\/tr><tr><td><strong>Servicio de Gruas<\/strong><\/td><td class=\"has-text-align-right\" data-align=\"right\">386 109 0326<\/td><\/tr><\/tbody><\/table><\/figure>\n","protected":false},"excerpt":{"rendered":"<p>A continuaci\u00f3n dejamos a tu disposici\u00f3n los n\u00fameros telef\u00f3nicos de las diferentes dependencias de Gobierno Municipal as\u00ed como Estatal y de Servcios. Presidencia Muncipal 324 247 0306 Sistema DIF Municipal 324 247 0101 Seguridad P\u00fablica Municipal 324 247 0281 Protecci\u00f3n Civil Municipal 323 136 5979 Delegaci\u00f3n de Tr\u00e1nsito 324 247 0744 Juzgado Mixto 324 247 [&hellip;]<\/p>\n","protected":false},"author":1,"featured_media":0,"parent":0,"menu_order":0,"comment_status":"closed","ping_status":"closed","template":"","meta":{"footnotes":""},"class_list":["post-49","page","type-page","status-publish","hentry"],"_links":{"self":[{"href":"https:\/\/www.amatlan.gob.mx\/index.php?rest_route=\/wp\/v2\/pages\/49","targetHints":{"allow":["GET"]}}],"collection":[{"href":"https:\/\/www.amatlan.gob.mx\/index.php?rest_route=\/wp\/v2\/pages"}],"about":[{"href":"https:\/\/www.amatlan.gob.mx\/index.php?rest_route=\/wp\/v2\/types\/page"}],"author":[{"embeddable":true,"href":"https:\/\/www.amatlan.gob.mx\/index.php?rest_route=\/wp\/v2\/users\/1"}],"replies":[{"embeddable":true,"href":"https:\/\/www.amatlan.gob.mx\/index.php?rest_route=%2Fwp%2Fv2%2Fcomments&post=49"}],"version-history":[{"count":4,"href":"https:\/\/www.amatlan.gob.mx\/index.php?rest_route=\/wp\/v2\/pages\/49\/revisions"}],"predecessor-version":[{"id":293,"href":"https:\/\/www.amatlan.gob.mx\/index.php?rest_route=\/wp\/v2\/pages\/49\/revisions\/293"}],"wp:attachment":[{"href":"https:\/\/www.amatlan.gob.mx\/index.php?rest_route=%2Fwp%2Fv2%2Fmedia&parent=49"}],"curies":[{"name":"wp","href":"https:\/\/api.w.org\/{rel}","templated":true}]}}