{"id":15,"date":"2025-11-24T17:50:49","date_gmt":"2025-11-24T17:50:49","guid":{"rendered":"https:\/\/www.amatlan.gob.mx\/wp\/?page_id=15"},"modified":"2026-02-06T10:46:15","modified_gmt":"2026-02-06T17:46:15","slug":"transparencia","status":"publish","type":"page","link":"https:\/\/www.amatlan.gob.mx\/?page_id=15","title":{"rendered":"Transparencia"},"content":{"rendered":"\n<p class=\"has-text-align-center\">La <strong>Transparencia Gubernamental <\/strong>es la disponibilidad de informaci\u00f3n sobre las actividades de los organismos p\u00fablicos para el p\u00fablico en general. Esta informaci\u00f3n debe estar disponible de manera oportuna, completa y permanente, salvo en los casos que la ley establezca.<\/p>\n\n\n\n<p class=\"has-text-align-center\">La transparencia gubernamental est\u00e1 relacionada con el acceso a la informaci\u00f3n y la rendici\u00f3n de cuentas. El acceso a la informaci\u00f3n es un derecho de la ciudadan\u00eda, y la rendici\u00f3n de cuentas es un deber legal y \u00e9tico de las autoridades.<\/p>\n\n\n\n<div class=\"wp-block-columns is-layout-flex wp-container-core-columns-is-layout-9d6595d7 wp-block-columns-is-layout-flex\">\n<div class=\"wp-block-column is-layout-flow wp-block-column-is-layout-flow\"><div class=\"wp-block-image\">\n<figure class=\"aligncenter size-medium\"><a href=\"https:\/\/www.amatlan.gob.mx\/?page_id=17\"><img loading=\"lazy\" decoding=\"async\" width=\"300\" height=\"128\" src=\"https:\/\/www.amatlan.gob.mx\/wp-content\/uploads\/2026\/02\/Gm-300x128.png\" alt=\"\" class=\"wp-image-909\" style=\"aspect-ratio:16\/9;object-fit:contain\" srcset=\"https:\/\/www.amatlan.gob.mx\/wp-content\/uploads\/2026\/02\/Gm-300x128.png 300w, https:\/\/www.amatlan.gob.mx\/wp-content\/uploads\/2026\/02\/Gm-1024x435.png 1024w, https:\/\/www.amatlan.gob.mx\/wp-content\/uploads\/2026\/02\/Gm-768x326.png 768w, https:\/\/www.amatlan.gob.mx\/wp-content\/uploads\/2026\/02\/Gm-1536x653.png 1536w, https:\/\/www.amatlan.gob.mx\/wp-content\/uploads\/2026\/02\/Gm-2048x870.png 2048w\" sizes=\"auto, (max-width: 300px) 100vw, 300px\" \/><\/a><\/figure>\n<\/div><\/div>\n\n\n\n<div class=\"wp-block-column is-layout-flow wp-block-column-is-layout-flow\"><div class=\"wp-block-image\">\n<figure class=\"aligncenter size-medium\"><a href=\"https:\/\/www.amatlan.gob.mx\/?page_id=18\"><img loading=\"lazy\" decoding=\"async\" width=\"300\" height=\"71\" src=\"https:\/\/www.amatlan.gob.mx\/wp-content\/uploads\/2025\/11\/DIFLogo-300x71.png\" alt=\"\" class=\"wp-image-494\" style=\"aspect-ratio:16\/9;object-fit:contain\" srcset=\"https:\/\/www.amatlan.gob.mx\/wp-content\/uploads\/2025\/11\/DIFLogo-300x71.png 300w, https:\/\/www.amatlan.gob.mx\/wp-content\/uploads\/2025\/11\/DIFLogo-1024x243.png 1024w, https:\/\/www.amatlan.gob.mx\/wp-content\/uploads\/2025\/11\/DIFLogo-768x182.png 768w, https:\/\/www.amatlan.gob.mx\/wp-content\/uploads\/2025\/11\/DIFLogo-1536x365.png 1536w, https:\/\/www.amatlan.gob.mx\/wp-content\/uploads\/2025\/11\/DIFLogo-2048x486.png 2048w\" sizes=\"auto, (max-width: 300px) 100vw, 300px\" \/><\/a><\/figure>\n<\/div><\/div>\n<\/div>\n\n\n\n<div class=\"wp-block-columns is-layout-flex wp-container-core-columns-is-layout-9d6595d7 wp-block-columns-is-layout-flex\">\n<div class=\"wp-block-column is-layout-flow wp-block-column-is-layout-flow\"><div class=\"wp-block-image\">\n<figure class=\"aligncenter size-medium\"><a href=\"https:\/\/www.amatlan.gob.mx\/?page_id=57\"><img loading=\"lazy\" decoding=\"async\" width=\"300\" height=\"106\" src=\"https:\/\/www.amatlan.gob.mx\/wp-content\/uploads\/2025\/11\/OromapasLogo-300x106.png\" alt=\"\" class=\"wp-image-498\" style=\"aspect-ratio:16\/9;object-fit:contain\" srcset=\"https:\/\/www.amatlan.gob.mx\/wp-content\/uploads\/2025\/11\/OromapasLogo-300x106.png 300w, https:\/\/www.amatlan.gob.mx\/wp-content\/uploads\/2025\/11\/OromapasLogo-1024x361.png 1024w, https:\/\/www.amatlan.gob.mx\/wp-content\/uploads\/2025\/11\/OromapasLogo-768x270.png 768w, https:\/\/www.amatlan.gob.mx\/wp-content\/uploads\/2025\/11\/OromapasLogo-1536x541.png 1536w, https:\/\/www.amatlan.gob.mx\/wp-content\/uploads\/2025\/11\/OromapasLogo.png 1619w\" sizes=\"auto, (max-width: 300px) 100vw, 300px\" \/><\/a><\/figure>\n<\/div><\/div>\n\n\n\n<div class=\"wp-block-column is-layout-flow wp-block-column-is-layout-flow\"><div class=\"wp-block-image\">\n<figure class=\"aligncenter size-medium\"><a href=\"https:\/\/www.amatlan.gob.mx\/?page_id=40\"><img loading=\"lazy\" decoding=\"async\" width=\"300\" height=\"83\" src=\"https:\/\/www.amatlan.gob.mx\/wp-content\/uploads\/2025\/11\/IMPLAN-300x83.png\" alt=\"\" class=\"wp-image-424\" style=\"aspect-ratio:16\/9;object-fit:contain\"\/><\/a><\/figure>\n<\/div><\/div>\n<\/div>\n\n\n\n<p><\/p>\n","protected":false},"excerpt":{"rendered":"<p>La Transparencia Gubernamental es la disponibilidad de informaci\u00f3n sobre las actividades de los organismos p\u00fablicos para el p\u00fablico en general. Esta informaci\u00f3n debe estar disponible de manera oportuna, completa y permanente, salvo en los casos que la ley establezca. La transparencia gubernamental est\u00e1 relacionada con el acceso a la informaci\u00f3n y la rendici\u00f3n de cuentas. [&hellip;]<\/p>\n","protected":false},"author":1,"featured_media":0,"parent":0,"menu_order":0,"comment_status":"closed","ping_status":"closed","template":"","meta":{"footnotes":""},"class_list":["post-15","page","type-page","status-publish","hentry"],"_links":{"self":[{"href":"https:\/\/www.amatlan.gob.mx\/index.php?rest_route=\/wp\/v2\/pages\/15","targetHints":{"allow":["GET"]}}],"collection":[{"href":"https:\/\/www.amatlan.gob.mx\/index.php?rest_route=\/wp\/v2\/pages"}],"about":[{"href":"https:\/\/www.amatlan.gob.mx\/index.php?rest_route=\/wp\/v2\/types\/page"}],"author":[{"embeddable":true,"href":"https:\/\/www.amatlan.gob.mx\/index.php?rest_route=\/wp\/v2\/users\/1"}],"replies":[{"embeddable":true,"href":"https:\/\/www.amatlan.gob.mx\/index.php?rest_route=%2Fwp%2Fv2%2Fcomments&post=15"}],"version-history":[{"count":7,"href":"https:\/\/www.amatlan.gob.mx\/index.php?rest_route=\/wp\/v2\/pages\/15\/revisions"}],"predecessor-version":[{"id":914,"href":"https:\/\/www.amatlan.gob.mx\/index.php?rest_route=\/wp\/v2\/pages\/15\/revisions\/914"}],"wp:attachment":[{"href":"https:\/\/www.amatlan.gob.mx\/index.php?rest_route=%2Fwp%2Fv2%2Fmedia&parent=15"}],"curies":[{"name":"wp","href":"https:\/\/api.w.org\/{rel}","templated":true}]}}