{"id":14,"date":"2025-11-24T17:50:49","date_gmt":"2025-11-24T17:50:49","guid":{"rendered":"https:\/\/www.amatlan.gob.mx\/wp\/?page_id=14"},"modified":"2026-02-28T07:43:30","modified_gmt":"2026-02-28T14:43:30","slug":"gaceta-municipal","status":"publish","type":"page","link":"https:\/\/www.amatlan.gob.mx\/?page_id=14","title":{"rendered":"Gaceta Municipal"},"content":{"rendered":"<div class=\"wp-block-image\">\n<figure class=\"aligncenter size-large is-resized\"><img loading=\"lazy\" decoding=\"async\" width=\"1024\" height=\"306\" src=\"https:\/\/www.amatlan.gob.mx\/wp-content\/uploads\/2025\/12\/GacetaLogo-1024x306.png\" alt=\"\" class=\"wp-image-579\" style=\"width:300px\" srcset=\"https:\/\/www.amatlan.gob.mx\/wp-content\/uploads\/2025\/12\/GacetaLogo-1024x306.png 1024w, https:\/\/www.amatlan.gob.mx\/wp-content\/uploads\/2025\/12\/GacetaLogo-300x90.png 300w, https:\/\/www.amatlan.gob.mx\/wp-content\/uploads\/2025\/12\/GacetaLogo-768x229.png 768w, https:\/\/www.amatlan.gob.mx\/wp-content\/uploads\/2025\/12\/GacetaLogo-1536x459.png 1536w, https:\/\/www.amatlan.gob.mx\/wp-content\/uploads\/2025\/12\/GacetaLogo-2048x611.png 2048w\" sizes=\"auto, (max-width: 1024px) 100vw, 1024px\" \/><\/figure>\n<\/div>\n\n\n<p><\/p>\n\n\n\n<hr class=\"wp-block-separator has-alpha-channel-opacity\"\/>\n\n\n\n<p><\/p>\n\n\n\n<p class=\"has-text-align-center\">La Gaceta Municipal es el \u00f3rgano de Gobierno del Ayuntamiento de  Amatl\u00e1n de Ca\u00f1as, Nayarit, que tiene como finalidad publicar todas aquellas disposiciones emanadas de autoridades competentes que tengan aplicaci\u00f3n en el \u00e1mbito del municipio, y de las solicitadas por los particulares en los t\u00e9rminos de la normatividad correspondiente.<\/p>\n\n\n\n<p class=\"has-text-align-center has-medium-font-size\"><strong>Gaceta Municipal<\/strong><\/p>\n\n\n\n<details class=\"wp-block-details is-layout-flow wp-block-details-is-layout-flow\"><summary>Gaceta Municipal <strong>2021.<\/strong><\/summary>\n<p><\/p>\n\n\n\n<figure class=\"wp-block-table is-style-stripes has-small-font-size\"><table><tbody><tr><td><strong>GACETA MUNICIPAL 1<\/strong><\/td><td class=\"has-text-align-right\" data-align=\"right\"><a href=\"https:\/\/www.amatlan.gob.mx\/wp-content\/GacetaMunicipal\/2021\/GMT1-2021.pdf\" target=\"_blank\" rel=\"noreferrer noopener\"><img decoding=\"async\" class=\"wp-image-131\" style=\"width: 35px;\" src=\"https:\/\/www.amatlan.gob.mx\/wp-content\/uploads\/2025\/11\/pdf-e1764034368546.png\" alt=\"\"><\/a><\/td><\/tr><tr><td><strong>GACETA MUNICIPAL 2<\/strong><\/td><td class=\"has-text-align-right\" data-align=\"right\"><a href=\"https:\/\/www.amatlan.gob.mx\/wp-content\/GacetaMunicipal\/2021\/GMT2-2021.pdf\" target=\"_blank\" rel=\"noreferrer noopener\"><img decoding=\"async\" class=\"wp-image-131\" style=\"width: 35px;\" src=\"https:\/\/www.amatlan.gob.mx\/wp-content\/uploads\/2025\/11\/pdf-e1764034368546.png\" alt=\"\"><\/a><\/td><\/tr><\/tbody><\/table><\/figure>\n<\/details>\n\n\n\n<details class=\"wp-block-details is-layout-flow wp-block-details-is-layout-flow\"><summary>Gaceta Municipal <strong>2022.<\/strong><\/summary>\n<p><\/p>\n\n\n\n<figure class=\"wp-block-table is-style-stripes has-small-font-size\"><table><tbody><tr><td><strong>GACETA MUNICIPAL 3<\/strong><\/td><td class=\"has-text-align-right\" data-align=\"right\"><a href=\"https:\/\/www.amatlan.gob.mx\/wp-content\/GacetaMunicipal\/2022\/GMT3-2022.pdf\" target=\"_blank\" rel=\"noreferrer noopener\"><img decoding=\"async\" class=\"wp-image-131\" style=\"width: 35px;\" src=\"https:\/\/www.amatlan.gob.mx\/wp-content\/uploads\/2025\/11\/pdf-e1764034368546.png\" alt=\"\"><\/a><\/td><\/tr><tr><td><strong>GACETA MUNICIPAL 4<\/strong><\/td><td class=\"has-text-align-right\" data-align=\"right\"><a href=\"https:\/\/www.amatlan.gob.mx\/wp-content\/GacetaMunicipal\/2022\/GMT4-2022.pdf\" target=\"_blank\" rel=\"noreferrer noopener\"><img decoding=\"async\" src=\"https:\/\/www.amatlan.gob.mx\/wp-content\/uploads\/2025\/11\/pdf-e1764034368546.png\" alt=\"\"><\/a><\/td><\/tr><tr><td><strong>GACETA MUNICIPAL 6<\/strong><\/td><td class=\"has-text-align-right\" data-align=\"right\"><a href=\"https:\/\/www.amatlan.gob.mx\/wp-content\/GacetaMunicipal\/2022\/GMT6-2022.pdf\" target=\"_blank\" rel=\"noreferrer noopener\"><img decoding=\"async\" src=\"https:\/\/www.amatlan.gob.mx\/wp-content\/uploads\/2025\/11\/pdf-e1764034368546.png\" alt=\"\"><\/a><\/td><\/tr><tr><td><strong>GACETA MUNICIPAL 7<\/strong><\/td><td class=\"has-text-align-right\" data-align=\"right\"><a href=\"https:\/\/www.amatlan.gob.mx\/wp-content\/GacetaMunicipal\/2022\/GMT7-2022.pdf\" target=\"_blank\" rel=\"noreferrer noopener\"><img decoding=\"async\" src=\"https:\/\/www.amatlan.gob.mx\/wp-content\/uploads\/2025\/11\/pdf-e1764034368546.png\" alt=\"\"><\/a><\/td><\/tr><tr><td><strong>GACETA MUNICIPAL 8<\/strong><\/td><td class=\"has-text-align-right\" data-align=\"right\"><a href=\"https:\/\/www.amatlan.gob.mx\/wp-content\/GacetaMunicipal\/2022\/GMT8-2022.pdf\" target=\"_blank\" rel=\"noreferrer noopener\"><img decoding=\"async\" src=\"https:\/\/www.amatlan.gob.mx\/wp-content\/uploads\/2025\/11\/pdf-e1764034368546.png\" alt=\"\"><\/a><\/td><\/tr><\/tbody><\/table><\/figure>\n\n\n\n<p><\/p>\n<\/details>\n\n\n\n<details class=\"wp-block-details is-layout-flow wp-block-details-is-layout-flow\"><summary>Gaceta Municipal <strong>2023.<\/strong><\/summary>\n<p><\/p>\n\n\n\n<figure class=\"wp-block-table is-style-stripes has-small-font-size\"><table><tbody><tr><td><strong>GACETA MUNICIPAL 9<\/strong><\/td><td class=\"has-text-align-right\" data-align=\"right\"><a href=\"https:\/\/www.amatlan.gob.mx\/wp-content\/GacetaMunicipal\/2023\/GMT9-2023.pdf\" target=\"_blank\" rel=\"noreferrer noopener\"><img decoding=\"async\" class=\"wp-image-131\" style=\"width: 35px;\" src=\"https:\/\/www.amatlan.gob.mx\/wp-content\/uploads\/2025\/11\/pdf-e1764034368546.png\" alt=\"\"><\/a><\/td><\/tr><tr><td><strong>GACETA MUNICIPAL 10<\/strong><\/td><td class=\"has-text-align-right\" data-align=\"right\"><a href=\"https:\/\/www.amatlan.gob.mx\/wp-content\/GacetaMunicipal\/2023\/GMT10-2023.pdf\" target=\"_blank\" rel=\"noreferrer noopener\"><img decoding=\"async\" class=\"wp-image-131\" style=\"width: 35px;\" src=\"https:\/\/www.amatlan.gob.mx\/wp-content\/uploads\/2025\/11\/pdf-e1764034368546.png\" alt=\"\"><\/a><\/td><\/tr><tr><td><strong>GACETA MUNICIPAL 11<\/strong><\/td><td class=\"has-text-align-right\" data-align=\"right\"><a href=\"https:\/\/www.amatlan.gob.mx\/wp-content\/GacetaMunicipal\/2023\/GMT11-2023.pdf\" target=\"_blank\" rel=\"noreferrer noopener\"><img decoding=\"async\" class=\"wp-image-131\" style=\"width: 35px;\" src=\"https:\/\/www.amatlan.gob.mx\/wp-content\/uploads\/2025\/11\/pdf-e1764034368546.png\" alt=\"\"><\/a><\/td><\/tr><tr><td><strong>GACETA MUNICIPAL 12<\/strong><\/td><td class=\"has-text-align-right\" data-align=\"right\"><a href=\"https:\/\/www.amatlan.gob.mx\/wp-content\/GacetaMunicipal\/2023\/GMT12-2023.pdf\" target=\"_blank\" rel=\"noreferrer noopener\"><img decoding=\"async\" class=\"wp-image-131\" style=\"width: 35px;\" src=\"https:\/\/www.amatlan.gob.mx\/wp-content\/uploads\/2025\/11\/pdf-e1764034368546.png\" alt=\"\"><\/a><\/td><\/tr><tr><td><strong>GACETA MUNICIPAL 13<\/strong><\/td><td class=\"has-text-align-right\" data-align=\"right\"><a href=\"https:\/\/www.amatlan.gob.mx\/wp-content\/GacetaMunicipal\/2023\/GMT13-2023.pdf\" target=\"_blank\" rel=\"noreferrer noopener\"><img decoding=\"async\" class=\"wp-image-131\" style=\"width: 35px;\" src=\"https:\/\/www.amatlan.gob.mx\/wp-content\/uploads\/2025\/11\/pdf-e1764034368546.png\" alt=\"\"><\/a><\/td><\/tr><tr><td><strong>GACETA MUNICIPAL 14<\/strong><\/td><td class=\"has-text-align-right\" data-align=\"right\"><a href=\"https:\/\/www.amatlan.gob.mx\/wp-content\/GacetaMunicipal\/2023\/GMT14-2023.pdf\" target=\"_blank\" rel=\"noreferrer noopener\"><img decoding=\"async\" class=\"wp-image-131\" style=\"width: 35px;\" src=\"https:\/\/www.amatlan.gob.mx\/wp-content\/uploads\/2025\/11\/pdf-e1764034368546.png\" alt=\"\"><\/a><\/td><\/tr><\/tbody><\/table><\/figure>\n\n\n\n<p><\/p>\n<\/details>\n\n\n\n<details class=\"wp-block-details is-layout-flow wp-block-details-is-layout-flow\"><summary>Gaceta Municipal <strong>2024.<\/strong><\/summary>\n<p><\/p>\n\n\n\n<figure class=\"wp-block-table is-style-stripes has-small-font-size\"><table><tbody><tr><td><strong>GACETA MUNICIPAL 15<\/strong><\/td><td class=\"has-text-align-right\" data-align=\"right\"><a href=\"https:\/\/www.amatlan.gob.mx\/wp-content\/GacetaMunicipal\/2024\/GMT15-2024.pdf\" target=\"_blank\" rel=\"noreferrer noopener\"><img decoding=\"async\" class=\"wp-image-131\" style=\"width: 35px;\" src=\"https:\/\/www.amatlan.gob.mx\/wp-content\/uploads\/2025\/11\/pdf-e1764034368546.png\" alt=\"\"><\/a><\/td><\/tr><tr><td><strong>GACETA MUNICIPAL 16<\/strong><\/td><td class=\"has-text-align-right\" data-align=\"right\"><a href=\"https:\/\/www.amatlan.gob.mx\/wp-content\/GacetaMunicipal\/2024\/GMT16-2024.pdf\" target=\"_blank\" rel=\"noreferrer noopener\"><img decoding=\"async\" class=\"wp-image-131\" style=\"width: 35px;\" src=\"https:\/\/www.amatlan.gob.mx\/wp-content\/uploads\/2025\/11\/pdf-e1764034368546.png\" alt=\"\"><\/a><\/td><\/tr><tr><td><strong>GACETA MUNICIPAL TOMO 1 &#8211; H. XLIII Ayuntamiento Constitucional<\/strong><\/td><td class=\"has-text-align-right\" data-align=\"right\"><a href=\"https:\/\/www.amatlan.gob.mx\/wp-content\/GacetaMunicipal\/2024\/Gaceta Tomo 1.pdf\" target=\"_blank\" rel=\"noreferrer noopener\"><img decoding=\"async\" class=\"wp-image-131\" style=\"width: 35px;\" src=\"https:\/\/www.amatlan.gob.mx\/wp-content\/uploads\/2025\/11\/pdf-e1764034368546.png\" alt=\"\"><\/a><\/td><\/tr><tr><td><strong><strong>GACETA MUNICIPAL TOMO 2 &#8211; H. XLIII Ayuntamiento Constitucional<\/strong><\/strong><\/td><td class=\"has-text-align-right\" data-align=\"right\"><a href=\"https:\/\/www.amatlan.gob.mx\/wp-content\/GacetaMunicipal\/2024\/Gaceta Tomo 2.pdf\" target=\"_blank\" rel=\"noreferrer noopener\"><img decoding=\"async\" class=\"wp-image-131\" style=\"width: 35px;\" src=\"https:\/\/www.amatlan.gob.mx\/wp-content\/uploads\/2025\/11\/pdf-e1764034368546.png\" alt=\"\"><\/a><\/td><\/tr><\/tbody><\/table><\/figure>\n\n\n\n<p><\/p>\n<\/details>\n\n\n\n<details class=\"wp-block-details is-layout-flow wp-block-details-is-layout-flow\"><summary>Gaceta Municipal <strong>2025.<\/strong><\/summary>\n<p><\/p>\n\n\n\n<figure class=\"wp-block-table is-style-stripes has-small-font-size\"><table><tbody><tr><td><strong><strong>GACETA MUNICIPAL TOMO 3 &#8211; H. XLIII Ayuntamiento Constitucional<\/strong><\/strong><\/td><td class=\"has-text-align-right\" data-align=\"right\"><a href=\"https:\/\/www.amatlan.gob.mx\/wp-content\/GacetaMunicipal\/2025\/Gaceta Tomo 3.pdf\" target=\"_blank\" rel=\"noreferrer noopener\"><img decoding=\"async\" class=\"wp-image-131\" style=\"width: 35px;\" src=\"https:\/\/www.amatlan.gob.mx\/wp-content\/uploads\/2025\/11\/pdf-e1764034368546.png\" alt=\"\"><\/a><\/td><\/tr><tr><td><strong><strong>GACETA MUNICIPAL TOMO 4 &#8211; H. XLIII Ayuntamiento Constitucional<\/strong><\/strong><\/td><td class=\"has-text-align-right\" data-align=\"right\"><a href=\"https:\/\/www.amatlan.gob.mx\/wp-content\/GacetaMunicipal\/2025\/Gaceta Tomo 4.pdf\" target=\"_blank\" rel=\"noreferrer noopener\"><img decoding=\"async\" class=\"wp-image-131\" style=\"width: 35px;\" src=\"https:\/\/www.amatlan.gob.mx\/wp-content\/uploads\/2025\/11\/pdf-e1764034368546.png\" alt=\"\"><\/a><\/td><\/tr><tr><td><strong>GACETA MUNICIPAL TOMO 5 &#8211; H. XLIII Ayuntamiento Constitucional<\/strong><\/td><td class=\"has-text-align-right\" data-align=\"right\"><a href=\"https:\/\/www.amatlan.gob.mx\/wp-content\/GacetaMunicipal\/2025\/Gaceta Tomo 5.pdf\" target=\"_blank\" rel=\"noreferrer noopener\"><img decoding=\"async\" class=\"wp-image-131\" style=\"width: 35px;\" src=\"https:\/\/www.amatlan.gob.mx\/wp-content\/uploads\/2025\/11\/pdf-e1764034368546.png\" alt=\"\"><\/a><\/td><\/tr><tr><td><strong><strong>GACETA MUNICIPAL TOMO 6 &#8211; H. XLIII Ayuntamiento Constitucional<\/strong><\/strong><\/td><td class=\"has-text-align-right\" data-align=\"right\"><a href=\"https:\/\/www.amatlan.gob.mx\/wp-content\/GacetaMunicipal\/2025\/Gaceta Tomo 6.pdf\" target=\"_blank\" rel=\"noreferrer noopener\"><img decoding=\"async\" class=\"wp-image-131\" style=\"width: 35px;\" src=\"https:\/\/www.amatlan.gob.mx\/wp-content\/uploads\/2025\/11\/pdf-e1764034368546.png\" alt=\"\"><\/a><\/td><\/tr><tr><td><strong><strong>GACETA MUNICIPAL TOMO 7 &#8211; H. XLIII Ayuntamiento Constitucional<\/strong><\/strong><\/td><td class=\"has-text-align-right\" data-align=\"right\"><a href=\"https:\/\/www.amatlan.gob.mx\/wp-content\/GacetaMunicipal\/2025\/Gaceta Tomo 7.pdf\" target=\"_blank\" rel=\"noreferrer noopener\"><img decoding=\"async\" class=\"wp-image-131\" style=\"width: 35px;\" src=\"https:\/\/www.amatlan.gob.mx\/wp-content\/uploads\/2025\/11\/pdf-e1764034368546.png\" alt=\"\"><\/a><\/td><\/tr><tr><td><strong><strong>GACETA MUNICIPAL TOMO 8 &#8211; H. XLIII Ayuntamiento Constitucional<\/strong><\/strong><\/td><td class=\"has-text-align-right\" data-align=\"right\"><a href=\"https:\/\/www.amatlan.gob.mx\/wp-content\/GacetaMunicipal\/2025\/Gaceta Tomo 8.pdf\" target=\"_blank\" rel=\"noreferrer noopener\"><img decoding=\"async\" class=\"wp-image-131\" style=\"width: 35px;\" src=\"https:\/\/www.amatlan.gob.mx\/wp-content\/uploads\/2025\/11\/pdf-e1764034368546.png\" alt=\"\"><\/a><\/td><\/tr><tr><td><strong><strong>GACETA MUNICIPAL TOMO 9 &#8211; H. XLIII Ayuntamiento Constitucional<\/strong><\/strong><\/td><td class=\"has-text-align-right\" data-align=\"right\"><a href=\"https:\/\/www.amatlan.gob.mx\/wp-content\/GacetaMunicipal\/2025\/Gaceta Tomo 9.pdf\" target=\"_blank\" rel=\"noreferrer noopener\"><img decoding=\"async\" class=\"wp-image-131\" style=\"width: 35px;\" src=\"https:\/\/www.amatlan.gob.mx\/wp-content\/uploads\/2025\/11\/pdf-e1764034368546.png\" alt=\"\"><\/a><\/td><\/tr><\/tbody><\/table><\/figure>\n\n\n\n<p><\/p>\n<\/details>\n\n\n\n<p><\/p>\n\n\n\n<hr class=\"wp-block-separator has-alpha-channel-opacity\"\/>\n\n\n\n<p><\/p>\n\n\n\n<p class=\"has-text-align-center has-medium-font-size\"><strong>Edictos<\/strong><\/p>\n\n\n\n<p><\/p>\n\n\n\n<hr class=\"wp-block-separator has-alpha-channel-opacity\"\/>\n\n\n\n<p><\/p>\n\n\n\n<p class=\"has-text-align-center has-medium-font-size\"><strong>Planes y Proyectos<\/strong><\/p>\n\n\n\n<p><\/p>\n\n\n\n<hr class=\"wp-block-separator has-alpha-channel-opacity\"\/>\n\n\n\n<p><\/p>\n\n\n\n<p><\/p>\n","protected":false},"excerpt":{"rendered":"<p>La Gaceta Municipal es el \u00f3rgano de Gobierno del Ayuntamiento de Amatl\u00e1n de Ca\u00f1as, Nayarit, que tiene como finalidad publicar todas aquellas disposiciones emanadas de autoridades competentes que tengan aplicaci\u00f3n en el \u00e1mbito del municipio, y de las solicitadas por los particulares en los t\u00e9rminos de la normatividad correspondiente. Gaceta Municipal Edictos Planes y Proyectos<\/p>\n","protected":false},"author":1,"featured_media":0,"parent":0,"menu_order":0,"comment_status":"closed","ping_status":"closed","template":"","meta":{"footnotes":""},"class_list":["post-14","page","type-page","status-publish","hentry"],"_links":{"self":[{"href":"https:\/\/www.amatlan.gob.mx\/index.php?rest_route=\/wp\/v2\/pages\/14","targetHints":{"allow":["GET"]}}],"collection":[{"href":"https:\/\/www.amatlan.gob.mx\/index.php?rest_route=\/wp\/v2\/pages"}],"about":[{"href":"https:\/\/www.amatlan.gob.mx\/index.php?rest_route=\/wp\/v2\/types\/page"}],"author":[{"embeddable":true,"href":"https:\/\/www.amatlan.gob.mx\/index.php?rest_route=\/wp\/v2\/users\/1"}],"replies":[{"embeddable":true,"href":"https:\/\/www.amatlan.gob.mx\/index.php?rest_route=%2Fwp%2Fv2%2Fcomments&post=14"}],"version-history":[{"count":32,"href":"https:\/\/www.amatlan.gob.mx\/index.php?rest_route=\/wp\/v2\/pages\/14\/revisions"}],"predecessor-version":[{"id":1010,"href":"https:\/\/www.amatlan.gob.mx\/index.php?rest_route=\/wp\/v2\/pages\/14\/revisions\/1010"}],"wp:attachment":[{"href":"https:\/\/www.amatlan.gob.mx\/index.php?rest_route=%2Fwp%2Fv2%2Fmedia&parent=14"}],"curies":[{"name":"wp","href":"https:\/\/api.w.org\/{rel}","templated":true}]}}