{"id":13,"date":"2025-11-24T17:50:49","date_gmt":"2025-11-24T17:50:49","guid":{"rendered":"https:\/\/www.amatlan.gob.mx\/wp\/?page_id=13"},"modified":"2026-01-05T16:38:36","modified_gmt":"2026-01-05T23:38:36","slug":"dependencias","status":"publish","type":"page","link":"https:\/\/www.amatlan.gob.mx\/?page_id=13","title":{"rendered":"Dependencias"},"content":{"rendered":"\n<p class=\"has-text-align-center\">En esta secci\u00f3n encontrar\u00e1s el listado de&nbsp;las distintas <strong>\u00c1reas, Direcciones<\/strong> y <strong>Organismos Descentralizados<\/strong>&nbsp;que conforman la administraci\u00f3n del&nbsp;<strong>H. XLIII Ayuntamiento Constitucional de Amatl\u00e1n de Ca\u00f1as<\/strong>,&nbsp;<strong>Nayarit<\/strong>, as\u00ed como los<strong>&nbsp;Tr\u00e1mites y Servicios<\/strong>&nbsp;que se realizan en cada dependencia de la Administraci\u00f3n P\u00fablica Municipal.<\/p>\n\n\n\n<hr class=\"wp-block-separator has-alpha-channel-opacity\"\/>\n\n\n\n<p class=\"has-small-font-size\"><strong><mark style=\"background-color:rgba(0, 0, 0, 0)\" class=\"has-inline-color has-luminous-vivid-orange-color\">Esta secci\u00f3n del sitio se encuentra en construcci\u00f3n.<\/mark><\/strong><\/p>\n\n\n\n<figure class=\"wp-block-image size-large\"><a href=\"https:\/\/www.amatlan.gob.mx\/?page_id=678\"><img loading=\"lazy\" decoding=\"async\" width=\"1024\" height=\"212\" src=\"https:\/\/www.amatlan.gob.mx\/wp-content\/uploads\/2025\/12\/SecterariaBanner-1024x212.png\" alt=\"\" class=\"wp-image-672\" srcset=\"https:\/\/www.amatlan.gob.mx\/wp-content\/uploads\/2025\/12\/SecterariaBanner-1024x212.png 1024w, https:\/\/www.amatlan.gob.mx\/wp-content\/uploads\/2025\/12\/SecterariaBanner-300x62.png 300w, https:\/\/www.amatlan.gob.mx\/wp-content\/uploads\/2025\/12\/SecterariaBanner-768x159.png 768w, https:\/\/www.amatlan.gob.mx\/wp-content\/uploads\/2025\/12\/SecterariaBanner.png 1489w\" sizes=\"auto, (max-width: 1024px) 100vw, 1024px\" \/><\/a><\/figure>\n\n\n\n<figure class=\"wp-block-image size-large\"><a href=\"https:\/\/www.amatlan.gob.mx\/?page_id=702\"><img loading=\"lazy\" decoding=\"async\" width=\"1024\" height=\"212\" src=\"https:\/\/www.amatlan.gob.mx\/wp-content\/uploads\/2025\/12\/Obras-1024x212.png\" alt=\"\" class=\"wp-image-676\" srcset=\"https:\/\/www.amatlan.gob.mx\/wp-content\/uploads\/2025\/12\/Obras-1024x212.png 1024w, https:\/\/www.amatlan.gob.mx\/wp-content\/uploads\/2025\/12\/Obras-300x62.png 300w, https:\/\/www.amatlan.gob.mx\/wp-content\/uploads\/2025\/12\/Obras-768x159.png 768w, https:\/\/www.amatlan.gob.mx\/wp-content\/uploads\/2025\/12\/Obras.png 1489w\" sizes=\"auto, (max-width: 1024px) 100vw, 1024px\" \/><\/a><\/figure>\n","protected":false},"excerpt":{"rendered":"<p>En esta secci\u00f3n encontrar\u00e1s el listado de&nbsp;las distintas \u00c1reas, Direcciones y Organismos Descentralizados&nbsp;que conforman la administraci\u00f3n del&nbsp;H. XLIII Ayuntamiento Constitucional de Amatl\u00e1n de Ca\u00f1as,&nbsp;Nayarit, as\u00ed como los&nbsp;Tr\u00e1mites y Servicios&nbsp;que se realizan en cada dependencia de la Administraci\u00f3n P\u00fablica Municipal. Esta secci\u00f3n del sitio se encuentra en construcci\u00f3n.<\/p>\n","protected":false},"author":1,"featured_media":0,"parent":0,"menu_order":0,"comment_status":"closed","ping_status":"closed","template":"","meta":{"footnotes":""},"class_list":["post-13","page","type-page","status-publish","hentry"],"_links":{"self":[{"href":"https:\/\/www.amatlan.gob.mx\/index.php?rest_route=\/wp\/v2\/pages\/13","targetHints":{"allow":["GET"]}}],"collection":[{"href":"https:\/\/www.amatlan.gob.mx\/index.php?rest_route=\/wp\/v2\/pages"}],"about":[{"href":"https:\/\/www.amatlan.gob.mx\/index.php?rest_route=\/wp\/v2\/types\/page"}],"author":[{"embeddable":true,"href":"https:\/\/www.amatlan.gob.mx\/index.php?rest_route=\/wp\/v2\/users\/1"}],"replies":[{"embeddable":true,"href":"https:\/\/www.amatlan.gob.mx\/index.php?rest_route=%2Fwp%2Fv2%2Fcomments&post=13"}],"version-history":[{"count":10,"href":"https:\/\/www.amatlan.gob.mx\/index.php?rest_route=\/wp\/v2\/pages\/13\/revisions"}],"predecessor-version":[{"id":704,"href":"https:\/\/www.amatlan.gob.mx\/index.php?rest_route=\/wp\/v2\/pages\/13\/revisions\/704"}],"wp:attachment":[{"href":"https:\/\/www.amatlan.gob.mx\/index.php?rest_route=%2Fwp%2Fv2%2Fmedia&parent=13"}],"curies":[{"name":"wp","href":"https:\/\/api.w.org\/{rel}","templated":true}]}}