{"id":12,"date":"2025-11-24T17:50:49","date_gmt":"2025-11-24T17:50:49","guid":{"rendered":"https:\/\/www.amatlan.gob.mx\/wp\/?page_id=12"},"modified":"2025-12-24T10:37:46","modified_gmt":"2025-12-24T17:37:46","slug":"directorio","status":"publish","type":"page","link":"https:\/\/www.amatlan.gob.mx\/?page_id=12","title":{"rendered":"Directorio"},"content":{"rendered":"\n<p class=\"has-text-align-center\">En esta secci\u00f3n encontrar\u00e1s el listado de <strong>Funcionarios P\u00fablicos<\/strong> que conforman la administraci\u00f3n del <strong>H. XLIII Ayuntamiento Constitucional de Amatl\u00e1n de Ca\u00f1as<\/strong>, <strong>Nayarit<\/strong>, as\u00ed como su<strong> Organigrama Administrativo<\/strong> y los principales datos de contacto de sus titulares a cargo.<\/p>\n\n\n\n<hr class=\"wp-block-separator has-alpha-channel-opacity\"\/>\n\n\n\n<p class=\"has-small-font-size\"><strong><mark style=\"background-color:rgba(0, 0, 0, 0)\" class=\"has-inline-color has-luminous-vivid-orange-color\">Esta secci\u00f3n del sitio se encuentra en construcci\u00f3n.<\/mark><\/strong><\/p>\n\n\n\n<details class=\"wp-block-details has-medium-font-size is-layout-flow wp-block-details-is-layout-flow\"><summary><strong>Gobernaci\u00f3n.<\/strong><\/summary>\n<p><\/p>\n\n\n\n<figure class=\"wp-block-table is-style-stripes has-small-font-size\"><table><tbody><tr><td class=\"has-text-align-center\" data-align=\"center\"><img loading=\"lazy\" decoding=\"async\" width=\"150\" height=\"150\" class=\"wp-image-648\" style=\"width: 150px;\" src=\"https:\/\/www.amatlan.gob.mx\/wp-content\/uploads\/2025\/12\/FotoAzu-300x300-1.png\" alt=\"\" srcset=\"https:\/\/www.amatlan.gob.mx\/wp-content\/uploads\/2025\/12\/FotoAzu-300x300-1.png 300w, https:\/\/www.amatlan.gob.mx\/wp-content\/uploads\/2025\/12\/FotoAzu-300x300-1-150x150.png 150w\" sizes=\"auto, (max-width: 150px) 100vw, 150px\" \/><\/td><td class=\"has-text-align-center\" data-align=\"center\"><strong><strong>Lic Azucena Becerra V\u00e1zquez<br><\/strong><\/strong>Presidenta Municipal<\/td><td class=\"has-text-align-center\" data-align=\"center\"><img loading=\"lazy\" decoding=\"async\" width=\"30\" height=\"41\" class=\"wp-image-131\" style=\"width: 30px;\" src=\"https:\/\/www.amatlan.gob.mx\/wp-content\/uploads\/2025\/11\/pdf-e1764341117341.png\" alt=\"\"><\/td><\/tr><tr><td class=\"has-text-align-center\" data-align=\"center\"><img loading=\"lazy\" decoding=\"async\" width=\"150\" height=\"150\" class=\"wp-image-650\" style=\"width: 150px;\" src=\"https:\/\/www.amatlan.gob.mx\/wp-content\/uploads\/2025\/12\/FotoAriana-300x300-1.png\" alt=\"\" srcset=\"https:\/\/www.amatlan.gob.mx\/wp-content\/uploads\/2025\/12\/FotoAriana-300x300-1.png 300w, https:\/\/www.amatlan.gob.mx\/wp-content\/uploads\/2025\/12\/FotoAriana-300x300-1-150x150.png 150w\" sizes=\"auto, (max-width: 150px) 100vw, 150px\" \/><\/td><td class=\"has-text-align-center\" data-align=\"center\"><strong>Ariana Nu\u00f1ez<\/strong> <strong>Sanch\u00e9z<\/strong><br>Secretaria Particular<\/td><td class=\"has-text-align-center\" data-align=\"center\"><img loading=\"lazy\" decoding=\"async\" width=\"30\" height=\"41\" class=\"wp-image-131\" style=\"width: 30px;\" src=\"https:\/\/www.amatlan.gob.mx\/wp-content\/uploads\/2025\/11\/pdf-e1764341117341.png\" alt=\"\"><\/td><\/tr><tr><td class=\"has-text-align-center\" data-align=\"center\"><img loading=\"lazy\" decoding=\"async\" width=\"150\" height=\"150\" class=\"wp-image-654\" style=\"width: 150px;\" src=\"https:\/\/www.amatlan.gob.mx\/wp-content\/uploads\/2025\/12\/Anna.png\" alt=\"\" srcset=\"https:\/\/www.amatlan.gob.mx\/wp-content\/uploads\/2025\/12\/Anna.png 300w, https:\/\/www.amatlan.gob.mx\/wp-content\/uploads\/2025\/12\/Anna-150x150.png 150w\" sizes=\"auto, (max-width: 150px) 100vw, 150px\" \/><\/td><td class=\"has-text-align-center\" data-align=\"center\"><strong>Ana Lisset Ramos Rubio<\/strong><br>Oficial Mayor<\/td><td class=\"has-text-align-center\" data-align=\"center\"><img loading=\"lazy\" decoding=\"async\" width=\"30\" height=\"41\" class=\"wp-image-131\" style=\"width: 30px;\" src=\"https:\/\/www.amatlan.gob.mx\/wp-content\/uploads\/2025\/11\/pdf-e1764341117341.png\" alt=\"\"><\/td><\/tr><tr><td class=\"has-text-align-center\" data-align=\"center\"><img loading=\"lazy\" decoding=\"async\" width=\"150\" height=\"150\" class=\"wp-image-652\" style=\"width: 150px;\" src=\"https:\/\/www.amatlan.gob.mx\/wp-content\/uploads\/2025\/12\/FotoJuanC-300x300-1.png\" alt=\"\" srcset=\"https:\/\/www.amatlan.gob.mx\/wp-content\/uploads\/2025\/12\/FotoJuanC-300x300-1.png 300w, https:\/\/www.amatlan.gob.mx\/wp-content\/uploads\/2025\/12\/FotoJuanC-300x300-1-150x150.png 150w\" sizes=\"auto, (max-width: 150px) 100vw, 150px\" \/><\/td><td class=\"has-text-align-center\" data-align=\"center\"><strong>Juan Carlos Valdivia Parra<\/strong><br>Director de Comunicaci\u00f3n Social<\/td><td class=\"has-text-align-center\" data-align=\"center\"><img loading=\"lazy\" decoding=\"async\" width=\"30\" height=\"41\" class=\"wp-image-131\" style=\"width: 30px;\" src=\"https:\/\/www.amatlan.gob.mx\/wp-content\/uploads\/2025\/11\/pdf-e1764341117341.png\" alt=\"\"><\/td><\/tr><\/tbody><\/table><\/figure>\n\n\n\n<p><\/p>\n<\/details>\n\n\n\n<details class=\"wp-block-details has-medium-font-size is-layout-flow wp-block-details-is-layout-flow\"><summary><strong>Secretar\u00eda Municipal.<\/strong><\/summary>\n<p><\/p>\n\n\n\n<figure class=\"wp-block-table is-style-stripes has-small-font-size\"><table><tbody><tr><td class=\"has-text-align-center\" data-align=\"center\"><img loading=\"lazy\" decoding=\"async\" width=\"150\" height=\"150\" class=\"wp-image-660\" style=\"width: 150px;\" src=\"https:\/\/www.amatlan.gob.mx\/wp-content\/uploads\/2025\/12\/FotoSergioS-300x300-1.png\" alt=\"\" srcset=\"https:\/\/www.amatlan.gob.mx\/wp-content\/uploads\/2025\/12\/FotoSergioS-300x300-1.png 300w, https:\/\/www.amatlan.gob.mx\/wp-content\/uploads\/2025\/12\/FotoSergioS-300x300-1-150x150.png 150w\" sizes=\"auto, (max-width: 150px) 100vw, 150px\" \/><\/td><td class=\"has-text-align-center\" data-align=\"center\"><strong><strong>Prof. Sergio Armando Sandoval Soto<br><\/strong><\/strong>Secretario Municipal<\/td><td class=\"has-text-align-center\" data-align=\"center\"><img loading=\"lazy\" decoding=\"async\" width=\"30\" height=\"41\" class=\"wp-image-131\" style=\"width: 30px;\" src=\"https:\/\/www.amatlan.gob.mx\/wp-content\/uploads\/2025\/11\/pdf-e1764341117341.png\" alt=\"\"><\/td><\/tr><tr><td class=\"has-text-align-center\" data-align=\"center\"><img loading=\"lazy\" decoding=\"async\" width=\"150\" height=\"150\" class=\"wp-image-661\" style=\"width: 150px;\" src=\"https:\/\/www.amatlan.gob.mx\/wp-content\/uploads\/2025\/12\/FotoMarijopng-300x300-1.png\" alt=\"\" srcset=\"https:\/\/www.amatlan.gob.mx\/wp-content\/uploads\/2025\/12\/FotoMarijopng-300x300-1.png 300w, https:\/\/www.amatlan.gob.mx\/wp-content\/uploads\/2025\/12\/FotoMarijopng-300x300-1-150x150.png 150w\" sizes=\"auto, (max-width: 150px) 100vw, 150px\" \/><\/td><td class=\"has-text-align-center\" data-align=\"center\"><strong>Mar\u00eda Jos\u00e9 Garc\u00eda Due\u00f1as<\/strong><br>Secretaria de Gobernaci\u00f3n<\/td><td class=\"has-text-align-center\" data-align=\"center\"><img loading=\"lazy\" decoding=\"async\" width=\"30\" height=\"41\" class=\"wp-image-131\" style=\"width: 30px;\" src=\"https:\/\/www.amatlan.gob.mx\/wp-content\/uploads\/2025\/11\/pdf-e1764341117341.png\" alt=\"\"><\/td><\/tr><\/tbody><\/table><\/figure>\n\n\n\n<p><\/p>\n<\/details>\n\n\n\n<p><\/p>\n\n\n\n<hr class=\"wp-block-separator has-alpha-channel-opacity\"\/>\n","protected":false},"excerpt":{"rendered":"<p>En esta secci\u00f3n encontrar\u00e1s el listado de Funcionarios P\u00fablicos que conforman la administraci\u00f3n del H. XLIII Ayuntamiento Constitucional de Amatl\u00e1n de Ca\u00f1as, Nayarit, as\u00ed como su Organigrama Administrativo y los principales datos de contacto de sus titulares a cargo. Esta secci\u00f3n del sitio se encuentra en construcci\u00f3n.<\/p>\n","protected":false},"author":1,"featured_media":0,"parent":0,"menu_order":0,"comment_status":"closed","ping_status":"closed","template":"","meta":{"footnotes":""},"class_list":["post-12","page","type-page","status-publish","hentry"],"_links":{"self":[{"href":"https:\/\/www.amatlan.gob.mx\/index.php?rest_route=\/wp\/v2\/pages\/12","targetHints":{"allow":["GET"]}}],"collection":[{"href":"https:\/\/www.amatlan.gob.mx\/index.php?rest_route=\/wp\/v2\/pages"}],"about":[{"href":"https:\/\/www.amatlan.gob.mx\/index.php?rest_route=\/wp\/v2\/types\/page"}],"author":[{"embeddable":true,"href":"https:\/\/www.amatlan.gob.mx\/index.php?rest_route=\/wp\/v2\/users\/1"}],"replies":[{"embeddable":true,"href":"https:\/\/www.amatlan.gob.mx\/index.php?rest_route=%2Fwp%2Fv2%2Fcomments&post=12"}],"version-history":[{"count":10,"href":"https:\/\/www.amatlan.gob.mx\/index.php?rest_route=\/wp\/v2\/pages\/12\/revisions"}],"predecessor-version":[{"id":671,"href":"https:\/\/www.amatlan.gob.mx\/index.php?rest_route=\/wp\/v2\/pages\/12\/revisions\/671"}],"wp:attachment":[{"href":"https:\/\/www.amatlan.gob.mx\/index.php?rest_route=%2Fwp%2Fv2%2Fmedia&parent=12"}],"curies":[{"name":"wp","href":"https:\/\/api.w.org\/{rel}","templated":true}]}}